{"id":49529,"date":"2025-03-03T17:33:45","date_gmt":"2025-03-03T17:33:45","guid":{"rendered":"https:\/\/www.klimagiel.it\/anneaux-de-renforcement-pour-gaines-tex-jet\/"},"modified":"2026-01-20T16:02:49","modified_gmt":"2026-01-20T16:02:49","slug":"anneaux-de-renforcement-pour-gaines-tex-jet","status":"publish","type":"page","link":"https:\/\/www.klimagiel.it\/fr\/produits-klimagiel\/canaux-textiles-tex-jet\/anneaux-de-renforcement-pour-gaines-tex-jet\/","title":{"rendered":"Anneaux de Renforcement pour Gaines TEX Jet"},"content":{"rendered":"\t\t<div data-elementor-type=\"wp-page\" data-elementor-id=\"49529\" class=\"elementor elementor-49529 elementor-40782\" data-elementor-post-type=\"page\">\n\t\t\t\t<div class=\"elementor-element elementor-element-48d2f39 e-flex e-con-boxed e-con e-parent\" data-id=\"48d2f39\" data-element_type=\"container\" data-e-type=\"container\" data-settings=\"{&quot;ekit_has_onepagescroll_dot&quot;:&quot;yes&quot;}\">\n\t\t\t\t\t<div class=\"e-con-inner\">\n\t\t\t\t<div class=\"elementor-element elementor-element-0ed934a elementor-widget elementor-widget-spacer\" data-id=\"0ed934a\" data-element_type=\"widget\" data-e-type=\"widget\" data-settings=\"{&quot;ekit_we_effect_on&quot;:&quot;none&quot;}\" data-widget_type=\"spacer.default\">\n\t\t\t\t<div class=\"elementor-widget-container\">\n\t\t\t\t\t\t\t<div class=\"elementor-spacer\">\n\t\t\t<div class=\"elementor-spacer-inner\"><\/div>\n\t\t<\/div>\n\t\t\t\t\t\t<\/div>\n\t\t\t\t<\/div>\n\t\t<div class=\"elementor-element elementor-element-6d29049 e-con-full e-flex e-con e-child\" data-id=\"6d29049\" data-element_type=\"container\" data-e-type=\"container\" data-settings=\"{&quot;ekit_has_onepagescroll_dot&quot;:&quot;yes&quot;}\">\n\t\t\t\t<div class=\"elementor-element elementor-element-1384ead elementor-widget elementor-widget-spacer\" data-id=\"1384ead\" data-element_type=\"widget\" data-e-type=\"widget\" data-settings=\"{&quot;ekit_we_effect_on&quot;:&quot;none&quot;}\" data-widget_type=\"spacer.default\">\n\t\t\t\t<div class=\"elementor-widget-container\">\n\t\t\t\t\t\t\t<div class=\"elementor-spacer\">\n\t\t\t<div class=\"elementor-spacer-inner\"><\/div>\n\t\t<\/div>\n\t\t\t\t\t\t<\/div>\n\t\t\t\t<\/div>\n\t\t\t\t<div class=\"elementor-element elementor-element-f340214 elementor-widget-tablet__width-inherit elementor-widget elementor-widget-text-editor\" data-id=\"f340214\" data-element_type=\"widget\" data-e-type=\"widget\" data-settings=\"{&quot;ekit_we_effect_on&quot;:&quot;none&quot;}\" data-widget_type=\"text-editor.default\">\n\t\t\t\t<div class=\"elementor-widget-container\">\n\t\t\t\t\t\t\t\t\t<div class=\"\"><div class=\"mt-md md:mt-lg mb-3 md:mb-6\"><div class=\"group\/title relative\"><div class=\"group\/query relative whitespace-pre-line break-words [word-break:break-word] font-[475] dark:font-[450] default font-display text-3xl font-regular text-textMain dark:text-textMainDark selection:bg-super\/50 selection:text-textMain dark:selection:bg-superDuper\/10 dark:selection:text-superDark\"><div class=\"mb-md\"><div class=\"relative default font-sans text-base text-textMain dark:text-textMainDark selection:bg-super\/50 selection:text-textMain dark:selection:bg-superDuper\/10 dark:selection:text-superDark\"><div class=\"min-w-0 break-words [word-break:break-word]\"><div id=\"markdown-content-5\" dir=\"auto\"><div class=\"prose text-pretty dark:prose-invert inline leading-normal break-words min-w-0 [word-break:break-word]\"><div class=\"group\/query relative whitespace-pre-line text-pretty break-words [word-break:break-word] max-h-[10lh] default font-display text-2xl md:text-3xl font-[475] dark:font-[450] text-textMain dark:text-textMainDark selection:bg-super\/50 selection:text-textMain dark:selection:bg-superDuper\/10 dark:selection:text-superDark\">Anneaux de Renforcement pour Gaines TEX jet<\/div><\/div><\/div><\/div><\/div><\/div><\/div><\/div><\/div><\/div>\t\t\t\t\t\t\t\t<\/div>\n\t\t\t\t<\/div>\n\t\t\t\t<div class=\"elementor-element elementor-element-79a7c38 elementor-widget-tablet__width-inherit elementor-widget__width-initial elementor-widget elementor-widget-text-editor\" data-id=\"79a7c38\" data-element_type=\"widget\" data-e-type=\"widget\" data-settings=\"{&quot;ekit_we_effect_on&quot;:&quot;none&quot;}\" data-widget_type=\"text-editor.default\">\n\t\t\t\t<div class=\"elementor-widget-container\">\n\t\t\t\t\t\t\t\t\t<p class=\"my-0\">Les anneaux de renforcement KLIMAGIEL servent \u00e0 maintenir la forme de la gaine circulaire en tissu lorsque l&rsquo;Unit\u00e9 de Traitement d&rsquo;Air (UTA) n&rsquo;est pas en fonctionnement.<\/p><p class=\"my-0\">Pendant la phase de fabrication, des poches sp\u00e9ciales sont cousues \u00e0 l&rsquo;int\u00e9rieur de la gaine pour accueillir les baleines de renforcement r\u00e9alis\u00e9es en fibre de verre renforc\u00e9e. Le profil\u00e9 est donc fabriqu\u00e9 dans un mat\u00e9riau l\u00e9ger et particuli\u00e8rement r\u00e9sistant, ce qui rend le produit final de haute qualit\u00e9. <\/p><p class=\"my-0\">Le travail \u00e9tant r\u00e9alis\u00e9 \u00e0 l&rsquo;int\u00e9rieur de la gaine, une fois celle-ci redress\u00e9e, elle pr\u00e9sentera un aspect esth\u00e9tique parfaitement lisse. La gaine de diffusion textile KLIMAGIEL est l\u00e9g\u00e8re, s\u00fbre et pr\u00eate \u00e0 l&rsquo;installation, et conservera sa forme gonfl\u00e9e m\u00eame apr\u00e8s l&rsquo;arr\u00eat des unit\u00e9s de ventilation de climatisation. <\/p>\t\t\t\t\t\t\t\t<\/div>\n\t\t\t\t<\/div>\n\t\t\t\t<\/div>\n\t\t\t\t\t<\/div>\n\t\t\t\t<\/div>\n\t\t<div class=\"elementor-element elementor-element-d1f95a7 e-con-full e-flex e-con e-parent\" data-id=\"d1f95a7\" data-element_type=\"container\" data-e-type=\"container\" data-settings=\"{&quot;ekit_has_onepagescroll_dot&quot;:&quot;yes&quot;}\">\n\t\t\t\t<div class=\"elementor-element elementor-element-5ababd4 elementor-widget elementor-widget-spacer\" data-id=\"5ababd4\" data-element_type=\"widget\" data-e-type=\"widget\" data-settings=\"{&quot;ekit_we_effect_on&quot;:&quot;none&quot;}\" data-widget_type=\"spacer.default\">\n\t\t\t\t<div class=\"elementor-widget-container\">\n\t\t\t\t\t\t\t<div class=\"elementor-spacer\">\n\t\t\t<div class=\"elementor-spacer-inner\"><\/div>\n\t\t<\/div>\n\t\t\t\t\t\t<\/div>\n\t\t\t\t<\/div>\n\t\t\t\t<div class=\"elementor-element elementor-element-bdd188c preserve-img-ratio-cover elementor-widget elementor-widget-the7-image-ticker-widget\" data-id=\"bdd188c\" data-element_type=\"widget\" data-e-type=\"widget\" data-settings=\"{&quot;ticker_transition_speed&quot;:30,&quot;ekit_we_effect_on&quot;:&quot;none&quot;}\" data-widget_type=\"the7-image-ticker-widget.default\">\n\t\t\t\t<div class=\"elementor-widget-container\">\n\t\t\t\t\t<div class=\"the7-ticker\"><div class=\"the7-ticker-content\"><div class=\"the7-image-wrapper post-thumbnail-rollover layzr-bg img-css-resize-wrapper\"><img fetchpriority=\"high\" decoding=\"async\" width=\"940\" height=\"788\" src=\"data:image\/svg+xml,%3Csvg%20xmlns%3D&#039;http%3A%2F%2Fwww.w3.org%2F2000%2Fsvg&#039;%20viewBox%3D&#039;0%200%201%201&#039;%2F%3E\" class=\"attachment- size- preload-me aspect lazy lazy-load\" alt=\"\" sizes=\"(max-width: 940px) 100vw, 940px\" data-src=\"https:\/\/www.klimagiel.it\/wp-content\/uploads\/2025\/03\/55.jpg\" loading=\"eager\" data-srcset=\"https:\/\/www.klimagiel.it\/wp-content\/uploads\/2025\/03\/55.jpg 940w, https:\/\/www.klimagiel.it\/wp-content\/uploads\/2025\/03\/55-300x251.jpg 300w, https:\/\/www.klimagiel.it\/wp-content\/uploads\/2025\/03\/55-768x644.jpg 768w\" \/><\/div><div class=\"the7-image-wrapper post-thumbnail-rollover layzr-bg img-css-resize-wrapper\"><img decoding=\"async\" width=\"2560\" height=\"1155\" src=\"data:image\/svg+xml,%3Csvg%20xmlns%3D&#039;http%3A%2F%2Fwww.w3.org%2F2000%2Fsvg&#039;%20viewBox%3D&#039;0%200%201%201&#039;%2F%3E\" class=\"attachment- size- preload-me aspect lazy lazy-load\" alt=\"\" sizes=\"(max-width: 2560px) 100vw, 2560px\" data-src=\"https:\/\/www.klimagiel.it\/wp-content\/uploads\/2025\/06\/circolare-tessuto-grigio-7040-mobilificio-Policaro-4-scaled-1.jpg\" loading=\"eager\" data-srcset=\"https:\/\/www.klimagiel.it\/wp-content\/uploads\/2025\/06\/circolare-tessuto-grigio-7040-mobilificio-Policaro-4-scaled-1.jpg 2560w, https:\/\/www.klimagiel.it\/wp-content\/uploads\/2025\/06\/circolare-tessuto-grigio-7040-mobilificio-Policaro-4-scaled-1-300x135.jpg 300w, https:\/\/www.klimagiel.it\/wp-content\/uploads\/2025\/06\/circolare-tessuto-grigio-7040-mobilificio-Policaro-4-scaled-1-1024x462.jpg 1024w, https:\/\/www.klimagiel.it\/wp-content\/uploads\/2025\/06\/circolare-tessuto-grigio-7040-mobilificio-Policaro-4-scaled-1-768x347.jpg 768w, https:\/\/www.klimagiel.it\/wp-content\/uploads\/2025\/06\/circolare-tessuto-grigio-7040-mobilificio-Policaro-4-scaled-1-1536x693.jpg 1536w, https:\/\/www.klimagiel.it\/wp-content\/uploads\/2025\/06\/circolare-tessuto-grigio-7040-mobilificio-Policaro-4-scaled-1-2048x924.jpg 2048w\" \/><\/div><div class=\"the7-image-wrapper post-thumbnail-rollover layzr-bg img-css-resize-wrapper\"><img decoding=\"async\" width=\"940\" height=\"788\" src=\"data:image\/svg+xml,%3Csvg%20xmlns%3D&#039;http%3A%2F%2Fwww.w3.org%2F2000%2Fsvg&#039;%20viewBox%3D&#039;0%200%201%201&#039;%2F%3E\" class=\"attachment- size- preload-me aspect lazy lazy-load\" alt=\"\" sizes=\"(max-width: 940px) 100vw, 940px\" data-src=\"https:\/\/www.klimagiel.it\/wp-content\/uploads\/2025\/03\/57.jpg\" loading=\"eager\" data-srcset=\"https:\/\/www.klimagiel.it\/wp-content\/uploads\/2025\/03\/57.jpg 940w, https:\/\/www.klimagiel.it\/wp-content\/uploads\/2025\/03\/57-300x251.jpg 300w, https:\/\/www.klimagiel.it\/wp-content\/uploads\/2025\/03\/57-768x644.jpg 768w\" \/><\/div><div class=\"the7-image-wrapper post-thumbnail-rollover layzr-bg img-css-resize-wrapper\"><img decoding=\"async\" width=\"2560\" height=\"1155\" src=\"data:image\/svg+xml,%3Csvg%20xmlns%3D&#039;http%3A%2F%2Fwww.w3.org%2F2000%2Fsvg&#039;%20viewBox%3D&#039;0%200%201%201&#039;%2F%3E\" class=\"attachment- size- preload-me aspect lazy lazy-load\" alt=\"\" sizes=\"(max-width: 2560px) 100vw, 2560px\" data-src=\"https:\/\/www.klimagiel.it\/wp-content\/uploads\/2025\/06\/circolare-tessuto-grigio-7040-mobilificio-Policaro-11-scaled-1.jpg\" loading=\"eager\" data-srcset=\"https:\/\/www.klimagiel.it\/wp-content\/uploads\/2025\/06\/circolare-tessuto-grigio-7040-mobilificio-Policaro-11-scaled-1.jpg 2560w, https:\/\/www.klimagiel.it\/wp-content\/uploads\/2025\/06\/circolare-tessuto-grigio-7040-mobilificio-Policaro-11-scaled-1-300x135.jpg 300w, https:\/\/www.klimagiel.it\/wp-content\/uploads\/2025\/06\/circolare-tessuto-grigio-7040-mobilificio-Policaro-11-scaled-1-1024x462.jpg 1024w, https:\/\/www.klimagiel.it\/wp-content\/uploads\/2025\/06\/circolare-tessuto-grigio-7040-mobilificio-Policaro-11-scaled-1-768x347.jpg 768w, https:\/\/www.klimagiel.it\/wp-content\/uploads\/2025\/06\/circolare-tessuto-grigio-7040-mobilificio-Policaro-11-scaled-1-1536x693.jpg 1536w, https:\/\/www.klimagiel.it\/wp-content\/uploads\/2025\/06\/circolare-tessuto-grigio-7040-mobilificio-Policaro-11-scaled-1-2048x924.jpg 2048w\" \/><\/div><\/div><\/div>\t\t\t\t<\/div>\n\t\t\t\t<\/div>\n\t\t\t\t<\/div>\n\t\t<div class=\"elementor-element elementor-element-b651f2b e-flex e-con-boxed e-con e-parent\" data-id=\"b651f2b\" data-element_type=\"container\" data-e-type=\"container\" data-settings=\"{&quot;ekit_has_onepagescroll_dot&quot;:&quot;yes&quot;}\">\n\t\t\t\t\t<div class=\"e-con-inner\">\n\t\t\t\t<div class=\"elementor-element elementor-element-7b35de1 elementor-widget elementor-widget-spacer\" data-id=\"7b35de1\" data-element_type=\"widget\" data-e-type=\"widget\" data-settings=\"{&quot;ekit_we_effect_on&quot;:&quot;none&quot;}\" data-widget_type=\"spacer.default\">\n\t\t\t\t<div class=\"elementor-widget-container\">\n\t\t\t\t\t\t\t<div class=\"elementor-spacer\">\n\t\t\t<div class=\"elementor-spacer-inner\"><\/div>\n\t\t<\/div>\n\t\t\t\t\t\t<\/div>\n\t\t\t\t<\/div>\n\t\t\t\t<div class=\"elementor-element elementor-element-ee56a83 elementor-widget elementor-widget-heading\" data-id=\"ee56a83\" data-element_type=\"widget\" data-e-type=\"widget\" data-settings=\"{&quot;ekit_we_effect_on&quot;:&quot;none&quot;}\" data-widget_type=\"heading.default\">\n\t\t\t\t<div class=\"elementor-widget-container\">\n\t\t\t\t\t<h2 class=\"elementor-heading-title elementor-size-default\">Avantages des diffuseurs en tissu<\/h2>\t\t\t\t<\/div>\n\t\t\t\t<\/div>\n\t\t\t\t<div class=\"elementor-element elementor-element-7abd76e elementor-widget-widescreen__width-initial elementor-icon-list--layout-traditional elementor-list-item-link-full_width elementor-widget elementor-widget-global elementor-global-49043 elementor-global-46525 elementor-widget-icon-list\" data-id=\"7abd76e\" data-element_type=\"widget\" data-e-type=\"widget\" data-settings=\"{&quot;ekit_we_effect_on&quot;:&quot;none&quot;}\" data-widget_type=\"icon-list.default\">\n\t\t\t\t<div class=\"elementor-widget-container\">\n\t\t\t\t\t\t\t<ul class=\"elementor-icon-list-items\">\n\t\t\t\t\t\t\t<li class=\"elementor-icon-list-item\">\n\t\t\t\t\t\t\t\t\t\t\t<span class=\"elementor-icon-list-icon\">\n\t\t\t\t\t\t\t<i aria-hidden=\"true\" class=\"icon icon-menu-circle\"><\/i>\t\t\t\t\t\t<\/span>\n\t\t\t\t\t\t\t\t\t\t<span class=\"elementor-icon-list-text\">Mantiene la forma del canale in tessuto anche quando non \u00e8 in funzione<\/span>\n\t\t\t\t\t\t\t\t\t<\/li>\n\t\t\t\t\t\t\t\t<li class=\"elementor-icon-list-item\">\n\t\t\t\t\t\t\t\t\t\t\t<span class=\"elementor-icon-list-icon\">\n\t\t\t\t\t\t\t<i aria-hidden=\"true\" class=\"icon icon-leaf\"><\/i>\t\t\t\t\t\t<\/span>\n\t\t\t\t\t\t\t\t\t\t<span class=\"elementor-icon-list-text\">Structure plus l\u00e9g\u00e8re que les armatures traditionnelles<\/span>\n\t\t\t\t\t\t\t\t\t<\/li>\n\t\t\t\t\t\t\t\t<li class=\"elementor-icon-list-item\">\n\t\t\t\t\t\t\t\t\t\t\t<span class=\"elementor-icon-list-icon\">\n\t\t\t\t\t\t\t<i aria-hidden=\"true\" class=\"icon icon-history\"><\/i>\t\t\t\t\t\t<\/span>\n\t\t\t\t\t\t\t\t\t\t<span class=\"elementor-icon-list-text\">Grazie al sistema integrato l'installazione \u00e8 pi\u00f9 rapida rispetto agli scheletri tradizionali<\/span>\n\t\t\t\t\t\t\t\t\t<\/li>\n\t\t\t\t\t\t\t\t<li class=\"elementor-icon-list-item\">\n\t\t\t\t\t\t\t\t\t\t\t<span class=\"elementor-icon-list-icon\">\n\t\t\t\t\t\t\t<i aria-hidden=\"true\" class=\"icon icon-van\"><\/i>\t\t\t\t\t\t<\/span>\n\t\t\t\t\t\t\t\t\t\t<span class=\"elementor-icon-list-text\">Logistique du produit final plus rapide et moins co\u00fbteuse<\/span>\n\t\t\t\t\t\t\t\t\t<\/li>\n\t\t\t\t\t\t\t\t<li class=\"elementor-icon-list-item\">\n\t\t\t\t\t\t\t\t\t\t\t<span class=\"elementor-icon-list-icon\">\n\t\t\t\t\t\t\t<i aria-hidden=\"true\" class=\"icon icon-chevron-down-circle\"><\/i>\t\t\t\t\t\t<\/span>\n\t\t\t\t\t\t\t\t\t\t<span class=\"elementor-icon-list-text\">Le produit final est plus s\u00fbr que les armatures traditionnelles en cas de chutes accidentelles<\/span>\n\t\t\t\t\t\t\t\t\t<\/li>\n\t\t\t\t\t\t\t\t<li class=\"elementor-icon-list-item\">\n\t\t\t\t\t\t\t\t\t\t\t<span class=\"elementor-icon-list-icon\">\n\t\t\t\t\t\t\t<i aria-hidden=\"true\" class=\"icon icon-drop\"><\/i>\t\t\t\t\t\t<\/span>\n\t\t\t\t\t\t\t\t\t\t<span class=\"elementor-icon-list-text\">Facile \u00e0 laver et \u00e0 d\u00e9sinfecter<\/span>\n\t\t\t\t\t\t\t\t\t<\/li>\n\t\t\t\t\t\t<\/ul>\n\t\t\t\t\t\t<\/div>\n\t\t\t\t<\/div>\n\t\t\t\t<div class=\"elementor-element elementor-element-8e95e47 elementor-widget elementor-widget-spacer\" data-id=\"8e95e47\" data-element_type=\"widget\" data-e-type=\"widget\" data-settings=\"{&quot;ekit_we_effect_on&quot;:&quot;none&quot;}\" data-widget_type=\"spacer.default\">\n\t\t\t\t<div class=\"elementor-widget-container\">\n\t\t\t\t\t\t\t<div class=\"elementor-spacer\">\n\t\t\t<div class=\"elementor-spacer-inner\"><\/div>\n\t\t<\/div>\n\t\t\t\t\t\t<\/div>\n\t\t\t\t<\/div>\n\t\t\t\t\t<\/div>\n\t\t\t\t<\/div>\n\t\t<div class=\"elementor-element elementor-element-11ef89f0 e-con-full e-flex e-con e-child\" data-id=\"11ef89f0\" data-element_type=\"container\" data-e-type=\"container\" data-settings=\"{&quot;background_background&quot;:&quot;classic&quot;,&quot;shape_divider_top&quot;:&quot;mountains&quot;,&quot;shape_divider_bottom&quot;:&quot;mountains&quot;,&quot;ekit_has_onepagescroll_dot&quot;:&quot;yes&quot;}\">\n\t\t\t\t<div class=\"elementor-shape elementor-shape-top\" aria-hidden=\"true\" data-negative=\"false\">\n\t\t\t<svg xmlns=\"http:\/\/www.w3.org\/2000\/svg\" viewBox=\"0 0 1000 100\" preserveAspectRatio=\"none\">\n\t<path class=\"elementor-shape-fill\" opacity=\"0.33\" d=\"M473,67.3c-203.9,88.3-263.1-34-320.3,0C66,119.1,0,59.7,0,59.7V0h1000v59.7 c0,0-62.1,26.1-94.9,29.3c-32.8,3.3-62.8-12.3-75.8-22.1C806,49.6,745.3,8.7,694.9,4.7S492.4,59,473,67.3z\"\/>\n\t<path class=\"elementor-shape-fill\" opacity=\"0.66\" d=\"M734,67.3c-45.5,0-77.2-23.2-129.1-39.1c-28.6-8.7-150.3-10.1-254,39.1 s-91.7-34.4-149.2,0C115.7,118.3,0,39.8,0,39.8V0h1000v36.5c0,0-28.2-18.5-92.1-18.5C810.2,18.1,775.7,67.3,734,67.3z\"\/>\n\t<path class=\"elementor-shape-fill\" d=\"M766.1,28.9c-200-57.5-266,65.5-395.1,19.5C242,1.8,242,5.4,184.8,20.6C128,35.8,132.3,44.9,89.9,52.5C28.6,63.7,0,0,0,0 h1000c0,0-9.9,40.9-83.6,48.1S829.6,47,766.1,28.9z\"\/>\n<\/svg>\t\t<\/div>\n\t\t\t\t<div class=\"elementor-shape elementor-shape-bottom\" aria-hidden=\"true\" data-negative=\"false\">\n\t\t\t<svg xmlns=\"http:\/\/www.w3.org\/2000\/svg\" viewBox=\"0 0 1000 100\" preserveAspectRatio=\"none\">\n\t<path class=\"elementor-shape-fill\" opacity=\"0.33\" d=\"M473,67.3c-203.9,88.3-263.1-34-320.3,0C66,119.1,0,59.7,0,59.7V0h1000v59.7 c0,0-62.1,26.1-94.9,29.3c-32.8,3.3-62.8-12.3-75.8-22.1C806,49.6,745.3,8.7,694.9,4.7S492.4,59,473,67.3z\"\/>\n\t<path class=\"elementor-shape-fill\" opacity=\"0.66\" d=\"M734,67.3c-45.5,0-77.2-23.2-129.1-39.1c-28.6-8.7-150.3-10.1-254,39.1 s-91.7-34.4-149.2,0C115.7,118.3,0,39.8,0,39.8V0h1000v36.5c0,0-28.2-18.5-92.1-18.5C810.2,18.1,775.7,67.3,734,67.3z\"\/>\n\t<path class=\"elementor-shape-fill\" d=\"M766.1,28.9c-200-57.5-266,65.5-395.1,19.5C242,1.8,242,5.4,184.8,20.6C128,35.8,132.3,44.9,89.9,52.5C28.6,63.7,0,0,0,0 h1000c0,0-9.9,40.9-83.6,48.1S829.6,47,766.1,28.9z\"\/>\n<\/svg>\t\t<\/div>\n\t\t<div class=\"elementor-element elementor-element-9d9ce71 e-flex e-con-boxed e-con e-child\" data-id=\"9d9ce71\" data-element_type=\"container\" data-e-type=\"container\" data-settings=\"{&quot;background_background&quot;:&quot;gradient&quot;,&quot;ekit_has_onepagescroll_dot&quot;:&quot;yes&quot;}\">\n\t\t\t\t\t<div class=\"e-con-inner\">\n\t\t\t\t<div class=\"elementor-element elementor-element-6f69ebf8 elementor-widget-tablet__width-inherit elementor-widget elementor-widget-the7-heading\" data-id=\"6f69ebf8\" data-element_type=\"widget\" data-e-type=\"widget\" data-settings=\"{&quot;ekit_we_effect_on&quot;:&quot;none&quot;}\" data-widget_type=\"the7-heading.default\">\n\t\t\t\t<div class=\"elementor-widget-container\">\n\t\t\t\t\t<div class=\"the7-heading-title elementor-size-default\">Le confort commence ici<\/div>\t\t\t\t<\/div>\n\t\t\t\t<\/div>\n\t\t\t\t<div class=\"elementor-element elementor-element-50e32a66 elementor-widget-tablet__width-inherit elementor-widget elementor-widget-the7-heading\" data-id=\"50e32a66\" data-element_type=\"widget\" data-e-type=\"widget\" data-settings=\"{&quot;ekit_we_effect_on&quot;:&quot;none&quot;}\" data-widget_type=\"the7-heading.default\">\n\t\t\t\t<div class=\"elementor-widget-container\">\n\t\t\t\t\t<div class=\"the7-heading-title elementor-size-default\">Des experts en diffusion d'air \u00e0 votre service.<br> D\u00e9couvrez les solutions Klimagiel pour votre environnement id\u00e9al<\/div>\t\t\t\t<\/div>\n\t\t\t\t<\/div>\n\t\t<div class=\"elementor-element elementor-element-241553e1 e-flex e-con-boxed e-con e-child\" data-id=\"241553e1\" data-element_type=\"container\" data-e-type=\"container\" data-settings=\"{&quot;ekit_has_onepagescroll_dot&quot;:&quot;yes&quot;}\">\n\t\t\t\t\t<div class=\"e-con-inner\">\n\t\t\t\t<div class=\"elementor-element elementor-element-457dc1e9 elementor-align-justify elementor-widget__width-inherit elementor-widget elementor-widget-the7_button_widget\" data-id=\"457dc1e9\" data-element_type=\"widget\" data-e-type=\"widget\" data-settings=\"{&quot;ekit_we_effect_on&quot;:&quot;none&quot;}\" data-widget_type=\"the7_button_widget.default\">\n\t\t\t\t<div class=\"elementor-widget-container\">\n\t\t\t\t\t<div class=\"elementor-button-wrapper\"><a href=\"https:\/\/www.klimagiel.it\/contact\/\" class=\"box-button elementor-button elementor-size-xl\">Demander un conseil<\/a><\/div>\t\t\t\t<\/div>\n\t\t\t\t<\/div>\n\t\t\t\t<div class=\"elementor-element elementor-element-2a0d554c elementor-align-justify elementor-widget__width-inherit elementor-widget elementor-widget-the7_button_widget\" data-id=\"2a0d554c\" data-element_type=\"widget\" data-e-type=\"widget\" data-settings=\"{&quot;ekit_we_effect_on&quot;:&quot;none&quot;}\" data-widget_type=\"the7_button_widget.default\">\n\t\t\t\t<div class=\"elementor-widget-container\">\n\t\t\t\t\t<div class=\"elementor-button-wrapper\"><a href=\"https:\/\/www.klimagiel.it\/contact\/\" class=\"box-button elementor-button elementor-size-xl\">Devis gratuit<\/a><\/div>\t\t\t\t<\/div>\n\t\t\t\t<\/div>\n\t\t\t\t\t<\/div>\n\t\t\t\t<\/div>\n\t\t\t\t\t<\/div>\n\t\t\t\t<\/div>\n\t\t\t\t<\/div>\n\t\t\t\t<\/div>\n\t\t","protected":false},"excerpt":{"rendered":"<p>Anneaux de Renforcement pour Gaines TEX jet Les anneaux de renforcement KLIMAGIEL servent \u00e0 maintenir la forme de la gaine circulaire en tissu lorsque l&rsquo;Unit\u00e9 de Traitement d&rsquo;Air (UTA) n&rsquo;est pas en fonctionnement. Pendant la phase de fabrication, des poches sp\u00e9ciales sont cousues \u00e0 l&rsquo;int\u00e9rieur de la gaine pour accueillir les baleines de renforcement r\u00e9alis\u00e9es&hellip;<\/p>\n","protected":false},"author":5,"featured_media":0,"parent":49583,"menu_order":0,"comment_status":"closed","ping_status":"closed","template":"","meta":{"footnotes":""},"wf_page_folders":[222],"class_list":["post-49529","page","type-page","status-publish","hentry"],"_links":{"self":[{"href":"https:\/\/www.klimagiel.it\/fr\/wp-json\/wp\/v2\/pages\/49529","targetHints":{"allow":["GET"]}}],"collection":[{"href":"https:\/\/www.klimagiel.it\/fr\/wp-json\/wp\/v2\/pages"}],"about":[{"href":"https:\/\/www.klimagiel.it\/fr\/wp-json\/wp\/v2\/types\/page"}],"author":[{"embeddable":true,"href":"https:\/\/www.klimagiel.it\/fr\/wp-json\/wp\/v2\/users\/5"}],"replies":[{"embeddable":true,"href":"https:\/\/www.klimagiel.it\/fr\/wp-json\/wp\/v2\/comments?post=49529"}],"version-history":[{"count":2,"href":"https:\/\/www.klimagiel.it\/fr\/wp-json\/wp\/v2\/pages\/49529\/revisions"}],"predecessor-version":[{"id":50011,"href":"https:\/\/www.klimagiel.it\/fr\/wp-json\/wp\/v2\/pages\/49529\/revisions\/50011"}],"up":[{"embeddable":true,"href":"https:\/\/www.klimagiel.it\/fr\/wp-json\/wp\/v2\/pages\/49583"}],"wp:attachment":[{"href":"https:\/\/www.klimagiel.it\/fr\/wp-json\/wp\/v2\/media?parent=49529"}],"wp:term":[{"taxonomy":"wf_page_folders","embeddable":true,"href":"https:\/\/www.klimagiel.it\/fr\/wp-json\/wp\/v2\/wf_page_folders?post=49529"}],"curies":[{"name":"wp","href":"https:\/\/api.w.org\/{rel}","templated":true}]}}