{"id":49508,"date":"2025-03-05T10:27:42","date_gmt":"2025-03-05T10:27:42","guid":{"rendered":"https:\/\/www.klimagiel.it\/inspection-metal-jet\/"},"modified":"2026-01-20T15:11:25","modified_gmt":"2026-01-20T15:11:25","slug":"inspection-metal-jet","status":"publish","type":"page","link":"https:\/\/www.klimagiel.it\/fr\/produits-klimagiel\/diffuseurs-metalliques-metal-jet\/inspection-metal-jet\/","title":{"rendered":"Inspection METAL Jet"},"content":{"rendered":"\t\t<div data-elementor-type=\"wp-page\" data-elementor-id=\"49508\" class=\"elementor elementor-49508 elementor-40940\" data-elementor-post-type=\"page\">\n\t\t\t\t<div class=\"elementor-element elementor-element-acdba8b e-flex e-con-boxed e-con e-child\" data-id=\"acdba8b\" data-element_type=\"container\" data-e-type=\"container\" data-settings=\"{&quot;ekit_has_onepagescroll_dot&quot;:&quot;yes&quot;}\">\n\t\t\t\t\t<div class=\"e-con-inner\">\n\t\t\t\t<div class=\"elementor-element elementor-element-09089b9 elementor-widget elementor-widget-spacer\" data-id=\"09089b9\" data-element_type=\"widget\" data-e-type=\"widget\" data-settings=\"{&quot;ekit_we_effect_on&quot;:&quot;none&quot;}\" data-widget_type=\"spacer.default\">\n\t\t\t\t<div class=\"elementor-widget-container\">\n\t\t\t\t\t\t\t<div class=\"elementor-spacer\">\n\t\t\t<div class=\"elementor-spacer-inner\"><\/div>\n\t\t<\/div>\n\t\t\t\t\t\t<\/div>\n\t\t\t\t<\/div>\n\t\t\t\t<div class=\"elementor-element elementor-element-fd9784d elementor-widget-tablet__width-inherit elementor-widget elementor-widget-text-editor\" data-id=\"fd9784d\" data-element_type=\"widget\" data-e-type=\"widget\" data-settings=\"{&quot;ekit_we_effect_on&quot;:&quot;none&quot;}\" data-widget_type=\"text-editor.default\">\n\t\t\t\t<div class=\"elementor-widget-container\">\n\t\t\t\t\t\t\t\t\t<div class=\"\"><div class=\"mt-md md:mt-lg mb-3 md:mb-6\"><div class=\"group\/title relative\"><div class=\"group\/query relative whitespace-pre-line break-words [word-break:break-word] font-[475] dark:font-[450] default font-display text-3xl font-regular text-textMain dark:text-textMainDark selection:bg-super\/50 selection:text-textMain dark:selection:bg-superDuper\/10 dark:selection:text-superDark\"><div class=\"mb-md\"><div class=\"relative default font-sans text-base text-textMain dark:text-textMainDark selection:bg-super\/50 selection:text-textMain dark:selection:bg-superDuper\/10 dark:selection:text-superDark\"><div class=\"min-w-0 break-words [word-break:break-word]\"><div id=\"markdown-content-5\" dir=\"auto\"><div class=\"prose text-pretty dark:prose-invert inline leading-normal break-words min-w-0 [word-break:break-word]\"><div class=\"group\/query relative whitespace-pre-line text-pretty break-words [word-break:break-word] max-h-[10lh] default font-display text-2xl md:text-3xl font-[475] dark:font-[450] text-textMain dark:text-textMainDark selection:bg-super\/50 selection:text-textMain dark:selection:bg-superDuper\/10 dark:selection:text-superDark\"><div class=\"dash\"><div class=\"dash\"><p><span class=\"headline\">Inspection METAL Jet &#8211; Diffuseurs Inox<\/span><\/p><\/div><\/div><\/div><\/div><\/div><\/div><\/div><\/div><\/div><\/div><\/div><\/div>\t\t\t\t\t\t\t\t<\/div>\n\t\t\t\t<\/div>\n\t\t\t\t<div class=\"elementor-element elementor-element-40c4d74 elementor-widget-tablet__width-inherit elementor-widget__width-initial elementor-widget-widescreen__width-initial elementor-widget-laptop__width-initial elementor-widget elementor-widget-text-editor\" data-id=\"40c4d74\" data-element_type=\"widget\" data-e-type=\"widget\" data-settings=\"{&quot;ekit_we_effect_on&quot;:&quot;none&quot;}\" data-widget_type=\"text-editor.default\">\n\t\t\t\t<div class=\"elementor-widget-container\">\n\t\t\t\t\t\t\t\t\t<p>Les diffuseurs Inspection METAL jet ont \u00e9t\u00e9 cr\u00e9\u00e9s en r\u00e9ponse aux besoins sp\u00e9cifiques de maintenance et d&rsquo;hygi\u00e8ne maximale dans les cha\u00eenes de production alimentaire.<\/p><p>Face \u00e0 la n\u00e9cessit\u00e9 de r\u00e9duire les temps de maintenance, de nettoyage et d&rsquo;assainissement des syst\u00e8mes de climatisation dans les environnements industriels \u00e0 haute productivit\u00e9, KLIMAGIEL a r\u00e9pondu avec un projet sp\u00e9cifique et innovant.<\/p><p>Le nettoyage interne des conduits a\u00e9rauliques est normalement effectu\u00e9 par des entreprises sp\u00e9cialis\u00e9es qui ne peuvent atteindre et nettoyer correctement les surfaces internes des conduits qu&rsquo;\u00e0 l&rsquo;aide d&rsquo;\u00e9quipements sp\u00e9cifiques et de m\u00e9thodologies particuli\u00e8res.<\/p><p>Les diffuseurs m\u00e9talliques \u00e0 SECTION SEMI-CIRCULAIRE sont INSPECTABLES tous les m\u00e8tres et permettent des interventions rapides et efficaces en tout point de l&rsquo;installation, facilitant consid\u00e9rablement les contr\u00f4les \u00e9ventuels.<\/p><p>La structure semi-circulaire, enti\u00e8rement fabriqu\u00e9e en ACIER INOXYDABLE, peut \u00eatre ouverte sur un c\u00f4t\u00e9 gr\u00e2ce \u00e0 un syst\u00e8me de fermeture \u00e0 d\u00e9verrouillage rapide.<\/p><p>La r\u00e9duction de la charge bact\u00e9rienne sur les surfaces atteint jusqu&rsquo;\u00e0 99 %.<\/p>\t\t\t\t\t\t\t\t<\/div>\n\t\t\t\t<\/div>\n\t\t\t\t<div class=\"elementor-element elementor-element-4a7e388 elementor-widget elementor-widget-heading\" data-id=\"4a7e388\" data-element_type=\"widget\" data-e-type=\"widget\" data-settings=\"{&quot;ekit_we_effect_on&quot;:&quot;none&quot;}\" data-widget_type=\"heading.default\">\n\t\t\t\t<div class=\"elementor-widget-container\">\n\t\t\t\t\t<h2 class=\"elementor-heading-title elementor-size-default\">Avantages<\/h2>\t\t\t\t<\/div>\n\t\t\t\t<\/div>\n\t\t\t\t<div class=\"elementor-element elementor-element-bd9cb2b elementor-widget-widescreen__width-initial elementor-icon-list--layout-traditional elementor-list-item-link-full_width elementor-widget elementor-widget-icon-list\" data-id=\"bd9cb2b\" data-element_type=\"widget\" data-e-type=\"widget\" data-settings=\"{&quot;ekit_we_effect_on&quot;:&quot;none&quot;}\" data-widget_type=\"icon-list.default\">\n\t\t\t\t<div class=\"elementor-widget-container\">\n\t\t\t\t\t\t\t<ul class=\"elementor-icon-list-items\">\n\t\t\t\t\t\t\t<li class=\"elementor-icon-list-item\">\n\t\t\t\t\t\t\t\t\t\t\t<span class=\"elementor-icon-list-icon\">\n\t\t\t\t\t\t\t<svg aria-hidden=\"true\" class=\"e-font-icon-svg e-fas-euro-sign\" viewBox=\"0 0 320 512\" xmlns=\"http:\/\/www.w3.org\/2000\/svg\"><path d=\"M310.706 413.765c-1.314-6.63-7.835-10.872-14.424-9.369-10.692 2.439-27.422 5.413-45.426 5.413-56.763 0-101.929-34.79-121.461-85.449h113.689a12 12 0 0 0 11.708-9.369l6.373-28.36c1.686-7.502-4.019-14.631-11.708-14.631H115.22c-1.21-14.328-1.414-28.287.137-42.245H261.95a12 12 0 0 0 11.723-9.434l6.512-29.755c1.638-7.484-4.061-14.566-11.723-14.566H130.184c20.633-44.991 62.69-75.03 117.619-75.03 14.486 0 28.564 2.25 37.851 4.145 6.216 1.268 12.347-2.498 14.002-8.623l11.991-44.368c1.822-6.741-2.465-13.616-9.326-14.917C290.217 34.912 270.71 32 249.635 32 152.451 32 74.03 92.252 45.075 176H12c-6.627 0-12 5.373-12 12v29.755c0 6.627 5.373 12 12 12h21.569c-1.009 13.607-1.181 29.287-.181 42.245H12c-6.627 0-12 5.373-12 12v28.36c0 6.627 5.373 12 12 12h30.114C67.139 414.692 145.264 480 249.635 480c26.301 0 48.562-4.544 61.101-7.788 6.167-1.595 10.027-7.708 8.788-13.957l-8.818-44.49z\"><\/path><\/svg>\t\t\t\t\t\t<\/span>\n\t\t\t\t\t\t\t\t\t\t<span class=\"elementor-icon-list-text\"> R\u00e9duction des co\u00fbts de maintenance et de nettoyage et diminution des temps d'arr\u00eat de production.<\/span>\n\t\t\t\t\t\t\t\t\t<\/li>\n\t\t\t\t\t\t\t\t<li class=\"elementor-icon-list-item\">\n\t\t\t\t\t\t\t\t\t\t\t<span class=\"elementor-icon-list-icon\">\n\t\t\t\t\t\t\t<svg xmlns=\"http:\/\/www.w3.org\/2000\/svg\" width=\"56\" height=\"56\" fill=\"#000000\" viewBox=\"0 0 256 256\"><path d=\"M232.49,80.49l-128,128a12,12,0,0,1-17,0l-56-56a12,12,0,1,1,17-17L96,183,215.51,63.51a12,12,0,0,1,17,17Z\"><\/path><\/svg>\t\t\t\t\t\t<\/span>\n\t\t\t\t\t\t\t\t\t\t<span class=\"elementor-icon-list-text\"> Facilit\u00e9 de surveillance des conditions techniques et hygi\u00e9niques du syst\u00e8me a\u00e9raulique.<\/span>\n\t\t\t\t\t\t\t\t\t<\/li>\n\t\t\t\t\t\t\t\t<li class=\"elementor-icon-list-item\">\n\t\t\t\t\t\t\t\t\t\t\t<span class=\"elementor-icon-list-icon\">\n\t\t\t\t\t\t\t<i aria-hidden=\"true\" class=\"icon icon-bug\"><\/i>\t\t\t\t\t\t<\/span>\n\t\t\t\t\t\t\t\t\t\t<span class=\"elementor-icon-list-text\"> \u00c9limination quasi totale de la pr\u00e9sence de bact\u00e9ries.<\/span>\n\t\t\t\t\t\t\t\t\t<\/li>\n\t\t\t\t\t\t<\/ul>\n\t\t\t\t\t\t<\/div>\n\t\t\t\t<\/div>\n\t\t\t\t\t<\/div>\n\t\t\t\t<\/div>\n\t\t<div class=\"elementor-element elementor-element-260a639 e-con-full e-flex e-con e-parent\" data-id=\"260a639\" data-element_type=\"container\" data-e-type=\"container\" data-settings=\"{&quot;ekit_has_onepagescroll_dot&quot;:&quot;yes&quot;}\">\n\t\t\t\t<div class=\"elementor-element elementor-element-7ebab5e elementor-widget elementor-widget-spacer\" data-id=\"7ebab5e\" data-element_type=\"widget\" data-e-type=\"widget\" data-settings=\"{&quot;ekit_we_effect_on&quot;:&quot;none&quot;}\" data-widget_type=\"spacer.default\">\n\t\t\t\t<div class=\"elementor-widget-container\">\n\t\t\t\t\t\t\t<div class=\"elementor-spacer\">\n\t\t\t<div class=\"elementor-spacer-inner\"><\/div>\n\t\t<\/div>\n\t\t\t\t\t\t<\/div>\n\t\t\t\t<\/div>\n\t\t\t\t<div class=\"elementor-element elementor-element-ab9c652 elementor-widget__width-initial elementor-widget-laptop__width-initial elementor-widget elementor-widget-video\" data-id=\"ab9c652\" data-element_type=\"widget\" data-e-type=\"widget\" data-settings=\"{&quot;youtube_url&quot;:&quot;https:\\\/\\\/youtu.be\\\/BLFOYK6777g&quot;,&quot;video_type&quot;:&quot;youtube&quot;,&quot;controls&quot;:&quot;yes&quot;,&quot;ekit_we_effect_on&quot;:&quot;none&quot;}\" data-widget_type=\"video.default\">\n\t\t\t\t<div class=\"elementor-widget-container\">\n\t\t\t\t\t\t\t<div class=\"elementor-wrapper elementor-open-inline\">\n\t\t\t<div class=\"elementor-video\"><\/div>\t\t<\/div>\n\t\t\t\t\t\t<\/div>\n\t\t\t\t<\/div>\n\t\t\t\t<div class=\"elementor-element elementor-element-8c709f4 preserve-img-ratio-cover elementor-widget elementor-widget-the7-image-ticker-widget\" data-id=\"8c709f4\" data-element_type=\"widget\" data-e-type=\"widget\" data-settings=\"{&quot;ticker_transition_speed&quot;:30,&quot;ekit_we_effect_on&quot;:&quot;none&quot;}\" data-widget_type=\"the7-image-ticker-widget.default\">\n\t\t\t\t<div class=\"elementor-widget-container\">\n\t\t\t\t\t<div class=\"the7-ticker\"><div class=\"the7-ticker-content\"><div class=\"the7-image-wrapper post-thumbnail-rollover layzr-bg img-css-resize-wrapper\"><img decoding=\"async\" width=\"160\" height=\"160\" src=\"data:image\/svg+xml,%3Csvg%20xmlns%3D&#039;http%3A%2F%2Fwww.w3.org%2F2000%2Fsvg&#039;%20viewBox%3D&#039;0%200%201%201&#039;%2F%3E\" class=\"attachment- size- preload-me aspect lazy lazy-load\" alt=\"\" sizes=\"(max-width: 160px) 100vw, 160px\" data-src=\"https:\/\/www.klimagiel.it\/wp-content\/uploads\/2025\/03\/7-160x160-1.jpg\" loading=\"eager\" data-srcset=\"https:\/\/www.klimagiel.it\/wp-content\/uploads\/2025\/03\/7-160x160-1.jpg 160w, https:\/\/www.klimagiel.it\/wp-content\/uploads\/2025\/03\/7-160x160-1-150x150.jpg 150w\" \/><\/div><div class=\"the7-image-wrapper post-thumbnail-rollover layzr-bg img-css-resize-wrapper\"><img fetchpriority=\"high\" decoding=\"async\" width=\"940\" height=\"788\" src=\"data:image\/svg+xml,%3Csvg%20xmlns%3D&#039;http%3A%2F%2Fwww.w3.org%2F2000%2Fsvg&#039;%20viewBox%3D&#039;0%200%201%201&#039;%2F%3E\" class=\"attachment- size- preload-me aspect lazy lazy-load\" alt=\"\" sizes=\"(max-width: 940px) 100vw, 940px\" data-src=\"https:\/\/www.klimagiel.it\/wp-content\/uploads\/2025\/03\/5-1.jpg\" loading=\"eager\" data-srcset=\"https:\/\/www.klimagiel.it\/wp-content\/uploads\/2025\/03\/5-1.jpg 940w, https:\/\/www.klimagiel.it\/wp-content\/uploads\/2025\/03\/5-1-300x251.jpg 300w, https:\/\/www.klimagiel.it\/wp-content\/uploads\/2025\/03\/5-1-768x644.jpg 768w\" \/><\/div><div class=\"the7-image-wrapper post-thumbnail-rollover layzr-bg img-css-resize-wrapper\"><img decoding=\"async\" width=\"940\" height=\"788\" src=\"data:image\/svg+xml,%3Csvg%20xmlns%3D&#039;http%3A%2F%2Fwww.w3.org%2F2000%2Fsvg&#039;%20viewBox%3D&#039;0%200%201%201&#039;%2F%3E\" class=\"attachment- size- preload-me aspect lazy lazy-load\" alt=\"\" sizes=\"(max-width: 940px) 100vw, 940px\" data-src=\"https:\/\/www.klimagiel.it\/wp-content\/uploads\/2025\/03\/6.jpg\" loading=\"eager\" data-srcset=\"https:\/\/www.klimagiel.it\/wp-content\/uploads\/2025\/03\/6.jpg 940w, https:\/\/www.klimagiel.it\/wp-content\/uploads\/2025\/03\/6-300x251.jpg 300w, https:\/\/www.klimagiel.it\/wp-content\/uploads\/2025\/03\/6-768x644.jpg 768w\" \/><\/div><\/div><\/div>\t\t\t\t<\/div>\n\t\t\t\t<\/div>\n\t\t\t\t<\/div>\n\t\t<div class=\"elementor-element elementor-element-17f23d1 e-flex e-con-boxed e-con e-parent\" data-id=\"17f23d1\" data-element_type=\"container\" data-e-type=\"container\" data-settings=\"{&quot;ekit_has_onepagescroll_dot&quot;:&quot;yes&quot;}\">\n\t\t\t\t\t<div class=\"e-con-inner\">\n\t\t\t\t<div class=\"elementor-element elementor-element-4e74b87 elementor-widget elementor-widget-spacer\" data-id=\"4e74b87\" data-element_type=\"widget\" data-e-type=\"widget\" data-settings=\"{&quot;ekit_we_effect_on&quot;:&quot;none&quot;}\" data-widget_type=\"spacer.default\">\n\t\t\t\t<div class=\"elementor-widget-container\">\n\t\t\t\t\t\t\t<div class=\"elementor-spacer\">\n\t\t\t<div class=\"elementor-spacer-inner\"><\/div>\n\t\t<\/div>\n\t\t\t\t\t\t<\/div>\n\t\t\t\t<\/div>\n\t\t\t\t\t<\/div>\n\t\t\t\t<\/div>\n\t\t<div class=\"elementor-element elementor-element-2cf681f e-flex e-con-boxed e-con e-parent\" data-id=\"2cf681f\" data-element_type=\"container\" data-e-type=\"container\" data-settings=\"{&quot;ekit_has_onepagescroll_dot&quot;:&quot;yes&quot;}\">\n\t\t\t\t\t<div class=\"e-con-inner\">\n\t\t\t\t<div class=\"elementor-element elementor-element-c9c3a25 elementor-widget elementor-widget-spacer\" data-id=\"c9c3a25\" data-element_type=\"widget\" data-e-type=\"widget\" data-settings=\"{&quot;ekit_we_effect_on&quot;:&quot;none&quot;}\" data-widget_type=\"spacer.default\">\n\t\t\t\t<div class=\"elementor-widget-container\">\n\t\t\t\t\t\t\t<div class=\"elementor-spacer\">\n\t\t\t<div class=\"elementor-spacer-inner\"><\/div>\n\t\t<\/div>\n\t\t\t\t\t\t<\/div>\n\t\t\t\t<\/div>\n\t\t\t\t<div class=\"elementor-element elementor-element-b335839 elementor-widget elementor-widget-spacer\" data-id=\"b335839\" data-element_type=\"widget\" data-e-type=\"widget\" data-settings=\"{&quot;ekit_we_effect_on&quot;:&quot;none&quot;}\" data-widget_type=\"spacer.default\">\n\t\t\t\t<div class=\"elementor-widget-container\">\n\t\t\t\t\t\t\t<div class=\"elementor-spacer\">\n\t\t\t<div class=\"elementor-spacer-inner\"><\/div>\n\t\t<\/div>\n\t\t\t\t\t\t<\/div>\n\t\t\t\t<\/div>\n\t\t\t\t\t<\/div>\n\t\t\t\t<\/div>\n\t\t<div class=\"elementor-element elementor-element-2126002e e-con-full e-flex e-con e-child\" data-id=\"2126002e\" data-element_type=\"container\" data-e-type=\"container\" data-settings=\"{&quot;background_background&quot;:&quot;classic&quot;,&quot;shape_divider_top&quot;:&quot;mountains&quot;,&quot;shape_divider_bottom&quot;:&quot;mountains&quot;,&quot;ekit_has_onepagescroll_dot&quot;:&quot;yes&quot;}\">\n\t\t\t\t<div class=\"elementor-shape elementor-shape-top\" aria-hidden=\"true\" data-negative=\"false\">\n\t\t\t<svg xmlns=\"http:\/\/www.w3.org\/2000\/svg\" viewBox=\"0 0 1000 100\" preserveAspectRatio=\"none\">\n\t<path class=\"elementor-shape-fill\" opacity=\"0.33\" d=\"M473,67.3c-203.9,88.3-263.1-34-320.3,0C66,119.1,0,59.7,0,59.7V0h1000v59.7 c0,0-62.1,26.1-94.9,29.3c-32.8,3.3-62.8-12.3-75.8-22.1C806,49.6,745.3,8.7,694.9,4.7S492.4,59,473,67.3z\"\/>\n\t<path class=\"elementor-shape-fill\" opacity=\"0.66\" d=\"M734,67.3c-45.5,0-77.2-23.2-129.1-39.1c-28.6-8.7-150.3-10.1-254,39.1 s-91.7-34.4-149.2,0C115.7,118.3,0,39.8,0,39.8V0h1000v36.5c0,0-28.2-18.5-92.1-18.5C810.2,18.1,775.7,67.3,734,67.3z\"\/>\n\t<path class=\"elementor-shape-fill\" d=\"M766.1,28.9c-200-57.5-266,65.5-395.1,19.5C242,1.8,242,5.4,184.8,20.6C128,35.8,132.3,44.9,89.9,52.5C28.6,63.7,0,0,0,0 h1000c0,0-9.9,40.9-83.6,48.1S829.6,47,766.1,28.9z\"\/>\n<\/svg>\t\t<\/div>\n\t\t\t\t<div class=\"elementor-shape elementor-shape-bottom\" aria-hidden=\"true\" data-negative=\"false\">\n\t\t\t<svg xmlns=\"http:\/\/www.w3.org\/2000\/svg\" viewBox=\"0 0 1000 100\" preserveAspectRatio=\"none\">\n\t<path class=\"elementor-shape-fill\" opacity=\"0.33\" d=\"M473,67.3c-203.9,88.3-263.1-34-320.3,0C66,119.1,0,59.7,0,59.7V0h1000v59.7 c0,0-62.1,26.1-94.9,29.3c-32.8,3.3-62.8-12.3-75.8-22.1C806,49.6,745.3,8.7,694.9,4.7S492.4,59,473,67.3z\"\/>\n\t<path class=\"elementor-shape-fill\" opacity=\"0.66\" d=\"M734,67.3c-45.5,0-77.2-23.2-129.1-39.1c-28.6-8.7-150.3-10.1-254,39.1 s-91.7-34.4-149.2,0C115.7,118.3,0,39.8,0,39.8V0h1000v36.5c0,0-28.2-18.5-92.1-18.5C810.2,18.1,775.7,67.3,734,67.3z\"\/>\n\t<path class=\"elementor-shape-fill\" d=\"M766.1,28.9c-200-57.5-266,65.5-395.1,19.5C242,1.8,242,5.4,184.8,20.6C128,35.8,132.3,44.9,89.9,52.5C28.6,63.7,0,0,0,0 h1000c0,0-9.9,40.9-83.6,48.1S829.6,47,766.1,28.9z\"\/>\n<\/svg>\t\t<\/div>\n\t\t<div class=\"elementor-element elementor-element-d640d83 e-flex e-con-boxed e-con e-child\" data-id=\"d640d83\" data-element_type=\"container\" data-e-type=\"container\" data-settings=\"{&quot;background_background&quot;:&quot;gradient&quot;,&quot;ekit_has_onepagescroll_dot&quot;:&quot;yes&quot;}\">\n\t\t\t\t\t<div class=\"e-con-inner\">\n\t\t\t\t<div class=\"elementor-element elementor-element-2fd2278d elementor-widget-tablet__width-inherit elementor-widget elementor-widget-the7-heading\" data-id=\"2fd2278d\" data-element_type=\"widget\" data-e-type=\"widget\" data-settings=\"{&quot;ekit_we_effect_on&quot;:&quot;none&quot;}\" data-widget_type=\"the7-heading.default\">\n\t\t\t\t<div class=\"elementor-widget-container\">\n\t\t\t\t\t<div class=\"the7-heading-title elementor-size-default\">Le confort commence ici<\/div>\t\t\t\t<\/div>\n\t\t\t\t<\/div>\n\t\t\t\t<div class=\"elementor-element elementor-element-63c6c077 elementor-widget-tablet__width-inherit elementor-widget elementor-widget-the7-heading\" data-id=\"63c6c077\" data-element_type=\"widget\" data-e-type=\"widget\" data-settings=\"{&quot;ekit_we_effect_on&quot;:&quot;none&quot;}\" data-widget_type=\"the7-heading.default\">\n\t\t\t\t<div class=\"elementor-widget-container\">\n\t\t\t\t\t<div class=\"the7-heading-title elementor-size-default\">Des experts en diffusion d'air \u00e0 votre service.<br> D\u00e9couvrez les solutions Klimagiel pour votre environnement id\u00e9al<\/div>\t\t\t\t<\/div>\n\t\t\t\t<\/div>\n\t\t<div class=\"elementor-element elementor-element-534635cf e-flex e-con-boxed e-con e-child\" data-id=\"534635cf\" data-element_type=\"container\" data-e-type=\"container\" data-settings=\"{&quot;ekit_has_onepagescroll_dot&quot;:&quot;yes&quot;}\">\n\t\t\t\t\t<div class=\"e-con-inner\">\n\t\t\t\t<div class=\"elementor-element elementor-element-417ccb45 elementor-align-justify elementor-widget__width-inherit elementor-widget elementor-widget-the7_button_widget\" data-id=\"417ccb45\" data-element_type=\"widget\" data-e-type=\"widget\" data-settings=\"{&quot;ekit_we_effect_on&quot;:&quot;none&quot;}\" data-widget_type=\"the7_button_widget.default\">\n\t\t\t\t<div class=\"elementor-widget-container\">\n\t\t\t\t\t<div class=\"elementor-button-wrapper\"><a href=\"https:\/\/www.klimagiel.it\/contact\/\" class=\"box-button elementor-button elementor-size-xl\">Demander un conseil<\/a><\/div>\t\t\t\t<\/div>\n\t\t\t\t<\/div>\n\t\t\t\t<div class=\"elementor-element elementor-element-51e9a8c5 elementor-align-justify elementor-widget__width-inherit elementor-widget elementor-widget-the7_button_widget\" data-id=\"51e9a8c5\" data-element_type=\"widget\" data-e-type=\"widget\" data-settings=\"{&quot;ekit_we_effect_on&quot;:&quot;none&quot;}\" data-widget_type=\"the7_button_widget.default\">\n\t\t\t\t<div class=\"elementor-widget-container\">\n\t\t\t\t\t<div class=\"elementor-button-wrapper\"><a href=\"https:\/\/www.klimagiel.it\/contact\/\" class=\"box-button elementor-button elementor-size-xl\">Devis gratuit<\/a><\/div>\t\t\t\t<\/div>\n\t\t\t\t<\/div>\n\t\t\t\t\t<\/div>\n\t\t\t\t<\/div>\n\t\t\t\t\t<\/div>\n\t\t\t\t<\/div>\n\t\t\t\t<\/div>\n\t\t\t\t<\/div>\n\t\t","protected":false},"excerpt":{"rendered":"<p>Inspection METAL Jet &#8211; Diffuseurs Inox Les diffuseurs Inspection METAL jet ont \u00e9t\u00e9 cr\u00e9\u00e9s en r\u00e9ponse aux besoins sp\u00e9cifiques de maintenance et d&rsquo;hygi\u00e8ne maximale dans les cha\u00eenes de production alimentaire. Face \u00e0 la n\u00e9cessit\u00e9 de r\u00e9duire les temps de maintenance, de nettoyage et d&rsquo;assainissement des syst\u00e8mes de climatisation dans les environnements industriels \u00e0 haute productivit\u00e9,&hellip;<\/p>\n","protected":false},"author":5,"featured_media":0,"parent":49541,"menu_order":0,"comment_status":"closed","ping_status":"closed","template":"","meta":{"footnotes":""},"wf_page_folders":[221],"class_list":["post-49508","page","type-page","status-publish","hentry"],"_links":{"self":[{"href":"https:\/\/www.klimagiel.it\/fr\/wp-json\/wp\/v2\/pages\/49508","targetHints":{"allow":["GET"]}}],"collection":[{"href":"https:\/\/www.klimagiel.it\/fr\/wp-json\/wp\/v2\/pages"}],"about":[{"href":"https:\/\/www.klimagiel.it\/fr\/wp-json\/wp\/v2\/types\/page"}],"author":[{"embeddable":true,"href":"https:\/\/www.klimagiel.it\/fr\/wp-json\/wp\/v2\/users\/5"}],"replies":[{"embeddable":true,"href":"https:\/\/www.klimagiel.it\/fr\/wp-json\/wp\/v2\/comments?post=49508"}],"version-history":[{"count":2,"href":"https:\/\/www.klimagiel.it\/fr\/wp-json\/wp\/v2\/pages\/49508\/revisions"}],"predecessor-version":[{"id":49974,"href":"https:\/\/www.klimagiel.it\/fr\/wp-json\/wp\/v2\/pages\/49508\/revisions\/49974"}],"up":[{"embeddable":true,"href":"https:\/\/www.klimagiel.it\/fr\/wp-json\/wp\/v2\/pages\/49541"}],"wp:attachment":[{"href":"https:\/\/www.klimagiel.it\/fr\/wp-json\/wp\/v2\/media?parent=49508"}],"wp:term":[{"taxonomy":"wf_page_folders","embeddable":true,"href":"https:\/\/www.klimagiel.it\/fr\/wp-json\/wp\/v2\/wf_page_folders?post=49508"}],"curies":[{"name":"wp","href":"https:\/\/api.w.org\/{rel}","templated":true}]}}