{"id":48441,"date":"2025-09-28T14:54:24","date_gmt":"2025-09-28T14:54:24","guid":{"rendered":"https:\/\/www.klimagiel.it\/esempi-di-installazione\/piscine-palestre-e-centri-sportivi\/"},"modified":"2026-01-14T13:20:58","modified_gmt":"2026-01-14T13:20:58","slug":"piscine-palestre-e-centri-sportivi","status":"publish","type":"page","link":"https:\/\/www.klimagiel.it\/fr\/esempi-di-installazione\/piscine-palestre-e-centri-sportivi\/","title":{"rendered":"Piscines, gymnases et centres sportifs"},"content":{"rendered":"\t\t<div data-elementor-type=\"wp-page\" data-elementor-id=\"48441\" class=\"elementor elementor-48441 elementor-47038\" data-elementor-post-type=\"page\">\n\t\t\t\t<div class=\"elementor-element elementor-element-c182f3c e-flex e-con-boxed e-con e-parent\" data-id=\"c182f3c\" data-element_type=\"container\" data-e-type=\"container\" data-settings=\"{&quot;ekit_has_onepagescroll_dot&quot;:&quot;yes&quot;}\">\n\t\t\t\t\t<div class=\"e-con-inner\">\n\t\t\t\t<div class=\"elementor-element elementor-element-b1fae46 elementor-widget elementor-widget-spacer\" data-id=\"b1fae46\" data-element_type=\"widget\" data-e-type=\"widget\" data-settings=\"{&quot;ekit_we_effect_on&quot;:&quot;none&quot;}\" data-widget_type=\"spacer.default\">\n\t\t\t\t<div class=\"elementor-widget-container\">\n\t\t\t\t\t\t\t<div class=\"elementor-spacer\">\n\t\t\t<div class=\"elementor-spacer-inner\"><\/div>\n\t\t<\/div>\n\t\t\t\t\t\t<\/div>\n\t\t\t\t<\/div>\n\t\t\t\t<div class=\"elementor-element elementor-element-585468b elementor-widget elementor-widget-text-editor\" data-id=\"585468b\" data-element_type=\"widget\" data-e-type=\"widget\" data-settings=\"{&quot;ekit_we_effect_on&quot;:&quot;none&quot;}\" data-widget_type=\"text-editor.default\">\n\t\t\t\t<div class=\"elementor-widget-container\">\n\t\t\t\t\t\t\t\t\t<p>Les espaces d\u00e9di\u00e9s au sport et au bien-\u00eatre pr\u00e9sentent des conditions particuli\u00e8res : humidit\u00e9 \u00e9lev\u00e9e dans les piscines, chaleur et affluence dans les salles de sport, n\u00e9cessit\u00e9 d&rsquo;un renouvellement constant de l&rsquo;air dans les centres sportifs. Dans ces contextes, les dispositifs de diffusion de l&rsquo;air jouent un r\u00f4le cl\u00e9 pour garantir le confort, la s\u00e9curit\u00e9 et l&rsquo;hygi\u00e8ne. <\/p>\t\t\t\t\t\t\t\t<\/div>\n\t\t\t\t<\/div>\n\t\t\t\t<div class=\"elementor-element elementor-element-06641b3 elementor-widget elementor-widget-gallery\" data-id=\"06641b3\" data-element_type=\"widget\" data-e-type=\"widget\" data-settings=\"{&quot;lazyload&quot;:&quot;yes&quot;,&quot;gallery_layout&quot;:&quot;grid&quot;,&quot;columns&quot;:4,&quot;columns_tablet&quot;:2,&quot;columns_mobile&quot;:1,&quot;gap&quot;:{&quot;unit&quot;:&quot;px&quot;,&quot;size&quot;:10,&quot;sizes&quot;:[]},&quot;gap_widescreen&quot;:{&quot;unit&quot;:&quot;px&quot;,&quot;size&quot;:&quot;&quot;,&quot;sizes&quot;:[]},&quot;gap_laptop&quot;:{&quot;unit&quot;:&quot;px&quot;,&quot;size&quot;:10,&quot;sizes&quot;:[]},&quot;gap_tablet_extra&quot;:{&quot;unit&quot;:&quot;px&quot;,&quot;size&quot;:10,&quot;sizes&quot;:[]},&quot;gap_tablet&quot;:{&quot;unit&quot;:&quot;px&quot;,&quot;size&quot;:10,&quot;sizes&quot;:[]},&quot;gap_mobile_extra&quot;:{&quot;unit&quot;:&quot;px&quot;,&quot;size&quot;:10,&quot;sizes&quot;:[]},&quot;gap_mobile&quot;:{&quot;unit&quot;:&quot;px&quot;,&quot;size&quot;:10,&quot;sizes&quot;:[]},&quot;link_to&quot;:&quot;file&quot;,&quot;aspect_ratio&quot;:&quot;3:2&quot;,&quot;show_all_galleries&quot;:&quot;yes&quot;,&quot;overlay_background&quot;:&quot;yes&quot;,&quot;content_hover_animation&quot;:&quot;fade-in&quot;,&quot;ekit_we_effect_on&quot;:&quot;none&quot;}\" data-widget_type=\"gallery.default\">\n\t\t\t\t<div class=\"elementor-widget-container\">\n\t\t\t\t\t\t\t\t<div class=\"elementor-gallery__titles-container e--pointer-double-line e--animation-fade\" aria-label=\"Filtre de galerie\">\n\t\t\t\t\t\t\t\t\t<a class=\"elementor-item elementor-gallery-title\" role=\"button\" tabindex=\"0\" data-gallery-index=\"all\">\n\t\t\t\t\t\tTous\t\t\t\t\t<\/a>\n\t\t\t\t\n\t\t\t\t\t\t\t\t\t<a class=\"elementor-item elementor-gallery-title\" role=\"button\" tabindex=\"0\" data-gallery-index=\"0\">\n\t\t\t\t\t\tSalle de sport\t\t\t\t\t<\/a>\n\t\t\t\t\t\t\t\t\t\t<a class=\"elementor-item elementor-gallery-title\" role=\"button\" tabindex=\"0\" data-gallery-index=\"1\">\n\t\t\t\t\t\tPiscine\t\t\t\t\t<\/a>\n\t\t\t\t\t\t\t\t\t\t<a class=\"elementor-item elementor-gallery-title\" role=\"button\" tabindex=\"0\" data-gallery-index=\"2\">\n\t\t\t\t\t\tSalle de sport H20\t\t\t\t\t<\/a>\n\t\t\t\t\t\t\t\t<\/div>\n\t\t\t\t\t<div class=\"elementor-gallery__container\">\n\t\t\t\t\t\t\t<a class=\"e-gallery-item elementor-gallery-item elementor-animated-content\" data-e-gallery-tags=\"0\" href=\"https:\/\/www.klimagiel.it\/wp-content\/uploads\/2025\/09\/ovale-verniciato-palestra-2.jpeg\" data-elementor-open-lightbox=\"yes\" data-elementor-lightbox-slideshow=\"06641b3\" data-elementor-lightbox-title=\"Ovale Verniciato Palestra (2)\" data-e-action-hash=\"#elementor-action%3Aaction%3Dlightbox%26settings%3DeyJpZCI6NDcwNDAsInVybCI6Imh0dHBzOlwvXC93d3cua2xpbWFnaWVsLml0XC93cC1jb250ZW50XC91cGxvYWRzXC8yMDI1XC8wOVwvb3ZhbGUtdmVybmljaWF0by1wYWxlc3RyYS0yLmpwZWciLCJzbGlkZXNob3ciOiIwNjY0MWIzIn0%3D\">\n\t\t\t\t\t<div class=\"e-gallery-image elementor-gallery-item__image\" data-thumbnail=\"https:\/\/www.klimagiel.it\/wp-content\/uploads\/2025\/09\/ovale-verniciato-palestra-2-225x300.jpeg\" data-width=\"225\" data-height=\"300\" aria-label=\"\" role=\"img\" ><\/div>\n\t\t\t\t\t\t\t\t\t\t\t<div class=\"elementor-gallery-item__overlay\"><\/div>\n\t\t\t\t\t\t\t\t\t\t\t\t\t\t<\/a>\n\t\t\t\t\t\t\t<a class=\"e-gallery-item elementor-gallery-item elementor-animated-content\" data-e-gallery-tags=\"0\" href=\"https:\/\/www.klimagiel.it\/wp-content\/uploads\/2025\/09\/ovale-verniciato-palestra-3.jpeg\" data-elementor-open-lightbox=\"yes\" data-elementor-lightbox-slideshow=\"06641b3\" data-elementor-lightbox-title=\"Ovale Verniciato Palestra (3)\" data-e-action-hash=\"#elementor-action%3Aaction%3Dlightbox%26settings%3DeyJpZCI6NDcwNDEsInVybCI6Imh0dHBzOlwvXC93d3cua2xpbWFnaWVsLml0XC93cC1jb250ZW50XC91cGxvYWRzXC8yMDI1XC8wOVwvb3ZhbGUtdmVybmljaWF0by1wYWxlc3RyYS0zLmpwZWciLCJzbGlkZXNob3ciOiIwNjY0MWIzIn0%3D\">\n\t\t\t\t\t<div class=\"e-gallery-image elementor-gallery-item__image\" data-thumbnail=\"https:\/\/www.klimagiel.it\/wp-content\/uploads\/2025\/09\/ovale-verniciato-palestra-3-225x300.jpeg\" data-width=\"225\" data-height=\"300\" aria-label=\"\" role=\"img\" ><\/div>\n\t\t\t\t\t\t\t\t\t\t\t<div class=\"elementor-gallery-item__overlay\"><\/div>\n\t\t\t\t\t\t\t\t\t\t\t\t\t\t<\/a>\n\t\t\t\t\t\t\t<a class=\"e-gallery-item elementor-gallery-item elementor-animated-content\" data-e-gallery-tags=\"0\" href=\"https:\/\/www.klimagiel.it\/wp-content\/uploads\/2025\/09\/ovale-verniciato-palestra-6.jpeg\" data-elementor-open-lightbox=\"yes\" data-elementor-lightbox-slideshow=\"06641b3\" data-elementor-lightbox-title=\"Ovale Verniciato Palestra (6)\" data-e-action-hash=\"#elementor-action%3Aaction%3Dlightbox%26settings%3DeyJpZCI6NDcwNDIsInVybCI6Imh0dHBzOlwvXC93d3cua2xpbWFnaWVsLml0XC93cC1jb250ZW50XC91cGxvYWRzXC8yMDI1XC8wOVwvb3ZhbGUtdmVybmljaWF0by1wYWxlc3RyYS02LmpwZWciLCJzbGlkZXNob3ciOiIwNjY0MWIzIn0%3D\">\n\t\t\t\t\t<div class=\"e-gallery-image elementor-gallery-item__image\" data-thumbnail=\"https:\/\/www.klimagiel.it\/wp-content\/uploads\/2025\/09\/ovale-verniciato-palestra-6-225x300.jpeg\" data-width=\"225\" data-height=\"300\" aria-label=\"\" role=\"img\" ><\/div>\n\t\t\t\t\t\t\t\t\t\t\t<div class=\"elementor-gallery-item__overlay\"><\/div>\n\t\t\t\t\t\t\t\t\t\t\t\t\t\t<\/a>\n\t\t\t\t\t\t\t<a class=\"e-gallery-item elementor-gallery-item elementor-animated-content\" data-e-gallery-tags=\"0\" href=\"https:\/\/www.klimagiel.it\/wp-content\/uploads\/2025\/09\/ovale-verniciato-palestra-7.jpeg\" data-elementor-open-lightbox=\"yes\" data-elementor-lightbox-slideshow=\"06641b3\" data-elementor-lightbox-title=\"Ovale Verniciato Palestra (7)\" data-e-action-hash=\"#elementor-action%3Aaction%3Dlightbox%26settings%3DeyJpZCI6NDcwNDMsInVybCI6Imh0dHBzOlwvXC93d3cua2xpbWFnaWVsLml0XC93cC1jb250ZW50XC91cGxvYWRzXC8yMDI1XC8wOVwvb3ZhbGUtdmVybmljaWF0by1wYWxlc3RyYS03LmpwZWciLCJzbGlkZXNob3ciOiIwNjY0MWIzIn0%3D\">\n\t\t\t\t\t<div class=\"e-gallery-image elementor-gallery-item__image\" data-thumbnail=\"https:\/\/www.klimagiel.it\/wp-content\/uploads\/2025\/09\/ovale-verniciato-palestra-7-225x300.jpeg\" data-width=\"225\" data-height=\"300\" aria-label=\"\" role=\"img\" ><\/div>\n\t\t\t\t\t\t\t\t\t\t\t<div class=\"elementor-gallery-item__overlay\"><\/div>\n\t\t\t\t\t\t\t\t\t\t\t\t\t\t<\/a>\n\t\t\t\t\t\t\t<a class=\"e-gallery-item elementor-gallery-item elementor-animated-content\" data-e-gallery-tags=\"1\" href=\"https:\/\/www.klimagiel.it\/wp-content\/uploads\/2025\/09\/metall-circ-vernic-camping-francia-1.jpg\" data-elementor-open-lightbox=\"yes\" data-elementor-lightbox-slideshow=\"06641b3\" data-elementor-lightbox-title=\"Metall Circ Vernic Camping Francia (1)\" data-e-action-hash=\"#elementor-action%3Aaction%3Dlightbox%26settings%3DeyJpZCI6NDcwNDQsInVybCI6Imh0dHBzOlwvXC93d3cua2xpbWFnaWVsLml0XC93cC1jb250ZW50XC91cGxvYWRzXC8yMDI1XC8wOVwvbWV0YWxsLWNpcmMtdmVybmljLWNhbXBpbmctZnJhbmNpYS0xLmpwZyIsInNsaWRlc2hvdyI6IjA2NjQxYjMifQ%3D%3D\">\n\t\t\t\t\t<div class=\"e-gallery-image elementor-gallery-item__image\" data-thumbnail=\"https:\/\/www.klimagiel.it\/wp-content\/uploads\/2025\/09\/metall-circ-vernic-camping-francia-1-300x225.jpg\" data-width=\"300\" data-height=\"225\" aria-label=\"\" role=\"img\" ><\/div>\n\t\t\t\t\t\t\t\t\t\t\t<div class=\"elementor-gallery-item__overlay\"><\/div>\n\t\t\t\t\t\t\t\t\t\t\t\t\t\t<\/a>\n\t\t\t\t\t\t\t<a class=\"e-gallery-item elementor-gallery-item elementor-animated-content\" data-e-gallery-tags=\"1\" href=\"https:\/\/www.klimagiel.it\/wp-content\/uploads\/2025\/09\/metall-circ-vernic-camping-francia-4-scaled.jpg\" data-elementor-open-lightbox=\"yes\" data-elementor-lightbox-slideshow=\"06641b3\" data-elementor-lightbox-title=\"Metall Circ Vernic Camping Francia (4)\" data-e-action-hash=\"#elementor-action%3Aaction%3Dlightbox%26settings%3DeyJpZCI6NDcwNDUsInVybCI6Imh0dHBzOlwvXC93d3cua2xpbWFnaWVsLml0XC93cC1jb250ZW50XC91cGxvYWRzXC8yMDI1XC8wOVwvbWV0YWxsLWNpcmMtdmVybmljLWNhbXBpbmctZnJhbmNpYS00LXNjYWxlZC5qcGciLCJzbGlkZXNob3ciOiIwNjY0MWIzIn0%3D\">\n\t\t\t\t\t<div class=\"e-gallery-image elementor-gallery-item__image\" data-thumbnail=\"https:\/\/www.klimagiel.it\/wp-content\/uploads\/2025\/09\/metall-circ-vernic-camping-francia-4-300x225.jpg\" data-width=\"300\" data-height=\"225\" aria-label=\"\" role=\"img\" ><\/div>\n\t\t\t\t\t\t\t\t\t\t\t<div class=\"elementor-gallery-item__overlay\"><\/div>\n\t\t\t\t\t\t\t\t\t\t\t\t\t\t<\/a>\n\t\t\t\t\t\t\t<a class=\"e-gallery-item elementor-gallery-item elementor-animated-content\" data-e-gallery-tags=\"1\" href=\"https:\/\/www.klimagiel.it\/wp-content\/uploads\/2025\/09\/metall-circ-vernic-camping-francia-5-scaled.jpg\" data-elementor-open-lightbox=\"yes\" data-elementor-lightbox-slideshow=\"06641b3\" data-elementor-lightbox-title=\"Metall Circ Vernic Camping Francia (5)\" data-e-action-hash=\"#elementor-action%3Aaction%3Dlightbox%26settings%3DeyJpZCI6NDcwNDYsInVybCI6Imh0dHBzOlwvXC93d3cua2xpbWFnaWVsLml0XC93cC1jb250ZW50XC91cGxvYWRzXC8yMDI1XC8wOVwvbWV0YWxsLWNpcmMtdmVybmljLWNhbXBpbmctZnJhbmNpYS01LXNjYWxlZC5qcGciLCJzbGlkZXNob3ciOiIwNjY0MWIzIn0%3D\">\n\t\t\t\t\t<div class=\"e-gallery-image elementor-gallery-item__image\" data-thumbnail=\"https:\/\/www.klimagiel.it\/wp-content\/uploads\/2025\/09\/metall-circ-vernic-camping-francia-5-300x225.jpg\" data-width=\"300\" data-height=\"225\" aria-label=\"\" role=\"img\" ><\/div>\n\t\t\t\t\t\t\t\t\t\t\t<div class=\"elementor-gallery-item__overlay\"><\/div>\n\t\t\t\t\t\t\t\t\t\t\t\t\t\t<\/a>\n\t\t\t\t\t\t\t<a class=\"e-gallery-item elementor-gallery-item elementor-animated-content\" data-e-gallery-tags=\"1\" href=\"https:\/\/www.klimagiel.it\/wp-content\/uploads\/2025\/09\/metall-circ-vernic-camping-francia-6-scaled.jpg\" data-elementor-open-lightbox=\"yes\" data-elementor-lightbox-slideshow=\"06641b3\" data-elementor-lightbox-title=\"Metall Circ Vernic Camping Francia (6)\" data-e-action-hash=\"#elementor-action%3Aaction%3Dlightbox%26settings%3DeyJpZCI6NDcwNDcsInVybCI6Imh0dHBzOlwvXC93d3cua2xpbWFnaWVsLml0XC93cC1jb250ZW50XC91cGxvYWRzXC8yMDI1XC8wOVwvbWV0YWxsLWNpcmMtdmVybmljLWNhbXBpbmctZnJhbmNpYS02LXNjYWxlZC5qcGciLCJzbGlkZXNob3ciOiIwNjY0MWIzIn0%3D\">\n\t\t\t\t\t<div class=\"e-gallery-image elementor-gallery-item__image\" data-thumbnail=\"https:\/\/www.klimagiel.it\/wp-content\/uploads\/2025\/09\/metall-circ-vernic-camping-francia-6-300x225.jpg\" data-width=\"300\" data-height=\"225\" aria-label=\"\" role=\"img\" ><\/div>\n\t\t\t\t\t\t\t\t\t\t\t<div class=\"elementor-gallery-item__overlay\"><\/div>\n\t\t\t\t\t\t\t\t\t\t\t\t\t\t<\/a>\n\t\t\t\t\t\t\t<a class=\"e-gallery-item elementor-gallery-item elementor-animated-content\" data-e-gallery-tags=\"2\" href=\"https:\/\/www.klimagiel.it\/wp-content\/uploads\/2025\/09\/circ-tessuto-palestra-20-hours-meda.jpeg\" data-elementor-open-lightbox=\"yes\" data-elementor-lightbox-slideshow=\"06641b3\" data-elementor-lightbox-title=\"Circ Tessuto Palestra 20 Hours Meda\" data-e-action-hash=\"#elementor-action%3Aaction%3Dlightbox%26settings%3DeyJpZCI6NDcwNDgsInVybCI6Imh0dHBzOlwvXC93d3cua2xpbWFnaWVsLml0XC93cC1jb250ZW50XC91cGxvYWRzXC8yMDI1XC8wOVwvY2lyYy10ZXNzdXRvLXBhbGVzdHJhLTIwLWhvdXJzLW1lZGEuanBlZyIsInNsaWRlc2hvdyI6IjA2NjQxYjMifQ%3D%3D\">\n\t\t\t\t\t<div class=\"e-gallery-image elementor-gallery-item__image\" data-thumbnail=\"https:\/\/www.klimagiel.it\/wp-content\/uploads\/2025\/09\/circ-tessuto-palestra-20-hours-meda-300x225.jpeg\" data-width=\"300\" data-height=\"225\" aria-label=\"\" role=\"img\" ><\/div>\n\t\t\t\t\t\t\t\t\t\t\t<div class=\"elementor-gallery-item__overlay\"><\/div>\n\t\t\t\t\t\t\t\t\t\t\t\t\t\t<\/a>\n\t\t\t\t\t\t\t<a class=\"e-gallery-item elementor-gallery-item elementor-animated-content\" data-e-gallery-tags=\"2\" href=\"https:\/\/www.klimagiel.it\/wp-content\/uploads\/2025\/09\/circ-tessuto-palestra-20-hours-meda1.jpeg\" data-elementor-open-lightbox=\"yes\" data-elementor-lightbox-slideshow=\"06641b3\" data-elementor-lightbox-title=\"Circ Tessuto Palestra 20 Hours Meda1\" data-e-action-hash=\"#elementor-action%3Aaction%3Dlightbox%26settings%3DeyJpZCI6NDcwNDksInVybCI6Imh0dHBzOlwvXC93d3cua2xpbWFnaWVsLml0XC93cC1jb250ZW50XC91cGxvYWRzXC8yMDI1XC8wOVwvY2lyYy10ZXNzdXRvLXBhbGVzdHJhLTIwLWhvdXJzLW1lZGExLmpwZWciLCJzbGlkZXNob3ciOiIwNjY0MWIzIn0%3D\">\n\t\t\t\t\t<div class=\"e-gallery-image elementor-gallery-item__image\" data-thumbnail=\"https:\/\/www.klimagiel.it\/wp-content\/uploads\/2025\/09\/circ-tessuto-palestra-20-hours-meda1-300x225.jpeg\" data-width=\"300\" data-height=\"225\" aria-label=\"\" role=\"img\" ><\/div>\n\t\t\t\t\t\t\t\t\t\t\t<div class=\"elementor-gallery-item__overlay\"><\/div>\n\t\t\t\t\t\t\t\t\t\t\t\t\t\t<\/a>\n\t\t\t\t\t\t\t<a class=\"e-gallery-item elementor-gallery-item elementor-animated-content\" data-e-gallery-tags=\"2\" href=\"https:\/\/www.klimagiel.it\/wp-content\/uploads\/2025\/09\/tessuto-circ-bianco-palestra-20-hours-Meda.jpg\" data-elementor-open-lightbox=\"yes\" data-elementor-lightbox-slideshow=\"06641b3\" data-elementor-lightbox-title=\"Tessuto Circ Bianco Palestra 20 Hours Meda\" data-e-action-hash=\"#elementor-action%3Aaction%3Dlightbox%26settings%3DeyJpZCI6NDcwNTAsInVybCI6Imh0dHBzOlwvXC93d3cua2xpbWFnaWVsLml0XC93cC1jb250ZW50XC91cGxvYWRzXC8yMDI1XC8wOVwvdGVzc3V0by1jaXJjLWJpYW5jby1wYWxlc3RyYS0yMC1ob3Vycy1NZWRhLmpwZyIsInNsaWRlc2hvdyI6IjA2NjQxYjMifQ%3D%3D\">\n\t\t\t\t\t<div class=\"e-gallery-image elementor-gallery-item__image\" data-thumbnail=\"https:\/\/www.klimagiel.it\/wp-content\/uploads\/2025\/09\/tessuto-circ-bianco-palestra-20-hours-Meda-226x300.jpg\" data-width=\"226\" data-height=\"300\" aria-label=\"\" role=\"img\" ><\/div>\n\t\t\t\t\t\t\t\t\t\t\t<div class=\"elementor-gallery-item__overlay\"><\/div>\n\t\t\t\t\t\t\t\t\t\t\t\t\t\t<\/a>\n\t\t\t\t\t\t\t<a class=\"e-gallery-item elementor-gallery-item elementor-animated-content\" data-e-gallery-tags=\"2\" href=\"https:\/\/www.klimagiel.it\/wp-content\/uploads\/2025\/09\/tessuto-circ-bianco-palestra-20-hours-Meda1-scaled.jpg\" data-elementor-open-lightbox=\"yes\" data-elementor-lightbox-slideshow=\"06641b3\" data-elementor-lightbox-title=\"Tessuto Circ Bianco Palestra 20 Hours Meda1\" data-e-action-hash=\"#elementor-action%3Aaction%3Dlightbox%26settings%3DeyJpZCI6NDcwNTEsInVybCI6Imh0dHBzOlwvXC93d3cua2xpbWFnaWVsLml0XC93cC1jb250ZW50XC91cGxvYWRzXC8yMDI1XC8wOVwvdGVzc3V0by1jaXJjLWJpYW5jby1wYWxlc3RyYS0yMC1ob3Vycy1NZWRhMS1zY2FsZWQuanBnIiwic2xpZGVzaG93IjoiMDY2NDFiMyJ9\">\n\t\t\t\t\t<div class=\"e-gallery-image elementor-gallery-item__image\" data-thumbnail=\"https:\/\/www.klimagiel.it\/wp-content\/uploads\/2025\/09\/tessuto-circ-bianco-palestra-20-hours-Meda1-300x225.jpg\" data-width=\"300\" data-height=\"225\" aria-label=\"\" role=\"img\" ><\/div>\n\t\t\t\t\t\t\t\t\t\t\t<div class=\"elementor-gallery-item__overlay\"><\/div>\n\t\t\t\t\t\t\t\t\t\t\t\t\t\t<\/a>\n\t\t\t\t\t<\/div>\n\t\t\t\t\t<\/div>\n\t\t\t\t<\/div>\n\t\t\t\t\t<\/div>\n\t\t\t\t<\/div>\n\t\t<div class=\"elementor-element elementor-element-d3f1c08 e-flex e-con-boxed e-con e-parent\" data-id=\"d3f1c08\" data-element_type=\"container\" data-e-type=\"container\" data-settings=\"{&quot;ekit_has_onepagescroll_dot&quot;:&quot;yes&quot;}\">\n\t\t\t\t\t<div class=\"e-con-inner\">\n\t\t\t\t\t<\/div>\n\t\t\t\t<\/div>\n\t\t<div class=\"elementor-element elementor-element-7e75527 e-flex e-con-boxed e-con e-parent\" data-id=\"7e75527\" data-element_type=\"container\" data-e-type=\"container\" data-settings=\"{&quot;ekit_has_onepagescroll_dot&quot;:&quot;yes&quot;}\">\n\t\t\t\t\t<div class=\"e-con-inner\">\n\t\t\t\t<div class=\"elementor-element elementor-element-5fd8abc elementor-widget elementor-widget-spacer\" data-id=\"5fd8abc\" data-element_type=\"widget\" data-e-type=\"widget\" data-settings=\"{&quot;ekit_we_effect_on&quot;:&quot;none&quot;}\" data-widget_type=\"spacer.default\">\n\t\t\t\t<div class=\"elementor-widget-container\">\n\t\t\t\t\t\t\t<div class=\"elementor-spacer\">\n\t\t\t<div class=\"elementor-spacer-inner\"><\/div>\n\t\t<\/div>\n\t\t\t\t\t\t<\/div>\n\t\t\t\t<\/div>\n\t\t\t\t<div class=\"elementor-element elementor-element-13a4a8c elementor-widget elementor-widget-text-editor\" data-id=\"13a4a8c\" data-element_type=\"widget\" data-e-type=\"widget\" data-settings=\"{&quot;ekit_we_effect_on&quot;:&quot;none&quot;}\" data-widget_type=\"text-editor.default\">\n\t\t\t\t<div class=\"elementor-widget-container\">\n\t\t\t\t\t\t\t\t\tDans les piscines, une bonne diffusion de l&rsquo;air contribue \u00e0 r\u00e9duire la condensation et \u00e0 maintenir un \u00e9quilibre optimal de l&rsquo;humidit\u00e9, prot\u00e9geant ainsi la structure contre les moisissures et la d\u00e9t\u00e9rioration. Dans les salles de sport, les appareils Klimagiel assurent une ventilation uniforme qui combat la sensation de chaleur excessive, m\u00eame pendant les entra\u00eenements les plus intenses. \n<br><br>Dans les centres sportifs, qui disposent souvent de tr\u00e8s grands espaces, la distribution \u00e9quilibr\u00e9e de l&rsquo;air cr\u00e9e un environnement confortable pour les athl\u00e8tes et les spectateurs. Leur fonctionnement silencieux et leur design discret rendent ces diffuseurs id\u00e9aux pour les salles de yoga, les studios de fitness et les espaces d\u00e9di\u00e9s \u00e0 la relaxation. \n<br><br>\n\t\t\t\t\t\t\t\t<\/div>\n\t\t\t\t<\/div>\n\t\t\t\t\t<\/div>\n\t\t\t\t<\/div>\n\t\t<div class=\"elementor-element elementor-element-54a62c5 e-flex e-con-boxed e-con e-parent\" data-id=\"54a62c5\" data-element_type=\"container\" data-e-type=\"container\" data-settings=\"{&quot;ekit_has_onepagescroll_dot&quot;:&quot;yes&quot;}\">\n\t\t\t\t\t<div class=\"e-con-inner\">\n\t\t\t\t<div class=\"elementor-element elementor-element-88006f7 elementor-widget elementor-widget-spacer\" data-id=\"88006f7\" data-element_type=\"widget\" data-e-type=\"widget\" data-settings=\"{&quot;ekit_we_effect_on&quot;:&quot;none&quot;}\" data-widget_type=\"spacer.default\">\n\t\t\t\t<div class=\"elementor-widget-container\">\n\t\t\t\t\t\t\t<div class=\"elementor-spacer\">\n\t\t\t<div class=\"elementor-spacer-inner\"><\/div>\n\t\t<\/div>\n\t\t\t\t\t\t<\/div>\n\t\t\t\t<\/div>\n\t\t\t\t\t<\/div>\n\t\t\t\t<\/div>\n\t\t<div class=\"elementor-element elementor-element-1b060be5 e-con-full e-flex e-con e-child\" data-id=\"1b060be5\" data-element_type=\"container\" data-e-type=\"container\" data-settings=\"{&quot;background_background&quot;:&quot;classic&quot;,&quot;shape_divider_top&quot;:&quot;mountains&quot;,&quot;shape_divider_bottom&quot;:&quot;mountains&quot;,&quot;ekit_has_onepagescroll_dot&quot;:&quot;yes&quot;}\">\n\t\t\t\t<div class=\"elementor-shape elementor-shape-top\" aria-hidden=\"true\" data-negative=\"false\">\n\t\t\t<svg xmlns=\"http:\/\/www.w3.org\/2000\/svg\" viewBox=\"0 0 1000 100\" preserveAspectRatio=\"none\">\n\t<path class=\"elementor-shape-fill\" opacity=\"0.33\" d=\"M473,67.3c-203.9,88.3-263.1-34-320.3,0C66,119.1,0,59.7,0,59.7V0h1000v59.7 c0,0-62.1,26.1-94.9,29.3c-32.8,3.3-62.8-12.3-75.8-22.1C806,49.6,745.3,8.7,694.9,4.7S492.4,59,473,67.3z\"\/>\n\t<path class=\"elementor-shape-fill\" opacity=\"0.66\" d=\"M734,67.3c-45.5,0-77.2-23.2-129.1-39.1c-28.6-8.7-150.3-10.1-254,39.1 s-91.7-34.4-149.2,0C115.7,118.3,0,39.8,0,39.8V0h1000v36.5c0,0-28.2-18.5-92.1-18.5C810.2,18.1,775.7,67.3,734,67.3z\"\/>\n\t<path class=\"elementor-shape-fill\" d=\"M766.1,28.9c-200-57.5-266,65.5-395.1,19.5C242,1.8,242,5.4,184.8,20.6C128,35.8,132.3,44.9,89.9,52.5C28.6,63.7,0,0,0,0 h1000c0,0-9.9,40.9-83.6,48.1S829.6,47,766.1,28.9z\"\/>\n<\/svg>\t\t<\/div>\n\t\t\t\t<div class=\"elementor-shape elementor-shape-bottom\" aria-hidden=\"true\" data-negative=\"false\">\n\t\t\t<svg xmlns=\"http:\/\/www.w3.org\/2000\/svg\" viewBox=\"0 0 1000 100\" preserveAspectRatio=\"none\">\n\t<path class=\"elementor-shape-fill\" opacity=\"0.33\" d=\"M473,67.3c-203.9,88.3-263.1-34-320.3,0C66,119.1,0,59.7,0,59.7V0h1000v59.7 c0,0-62.1,26.1-94.9,29.3c-32.8,3.3-62.8-12.3-75.8-22.1C806,49.6,745.3,8.7,694.9,4.7S492.4,59,473,67.3z\"\/>\n\t<path class=\"elementor-shape-fill\" opacity=\"0.66\" d=\"M734,67.3c-45.5,0-77.2-23.2-129.1-39.1c-28.6-8.7-150.3-10.1-254,39.1 s-91.7-34.4-149.2,0C115.7,118.3,0,39.8,0,39.8V0h1000v36.5c0,0-28.2-18.5-92.1-18.5C810.2,18.1,775.7,67.3,734,67.3z\"\/>\n\t<path class=\"elementor-shape-fill\" d=\"M766.1,28.9c-200-57.5-266,65.5-395.1,19.5C242,1.8,242,5.4,184.8,20.6C128,35.8,132.3,44.9,89.9,52.5C28.6,63.7,0,0,0,0 h1000c0,0-9.9,40.9-83.6,48.1S829.6,47,766.1,28.9z\"\/>\n<\/svg>\t\t<\/div>\n\t\t<div class=\"elementor-element elementor-element-8326cdc e-flex e-con-boxed e-con e-child\" data-id=\"8326cdc\" data-element_type=\"container\" data-e-type=\"container\" data-settings=\"{&quot;background_background&quot;:&quot;gradient&quot;,&quot;ekit_has_onepagescroll_dot&quot;:&quot;yes&quot;}\">\n\t\t\t\t\t<div class=\"e-con-inner\">\n\t\t\t\t<div class=\"elementor-element elementor-element-5d21cd8f elementor-widget-tablet__width-inherit elementor-widget elementor-widget-the7-heading\" data-id=\"5d21cd8f\" data-element_type=\"widget\" data-e-type=\"widget\" data-settings=\"{&quot;ekit_we_effect_on&quot;:&quot;none&quot;}\" data-widget_type=\"the7-heading.default\">\n\t\t\t\t<div class=\"elementor-widget-container\">\n\t\t\t\t\t<div class=\"the7-heading-title elementor-size-default\">Le confort commence ici<\/div>\t\t\t\t<\/div>\n\t\t\t\t<\/div>\n\t\t\t\t<div class=\"elementor-element elementor-element-6470c424 elementor-widget-tablet__width-inherit elementor-widget elementor-widget-the7-heading\" data-id=\"6470c424\" data-element_type=\"widget\" data-e-type=\"widget\" data-settings=\"{&quot;ekit_we_effect_on&quot;:&quot;none&quot;}\" data-widget_type=\"the7-heading.default\">\n\t\t\t\t<div class=\"elementor-widget-container\">\n\t\t\t\t\t<div class=\"the7-heading-title elementor-size-default\">Des experts en diffusion d'air \u00e0 votre service.<br> D\u00e9couvrez les solutions Klimagiel pour votre environnement id\u00e9al<\/div>\t\t\t\t<\/div>\n\t\t\t\t<\/div>\n\t\t<div class=\"elementor-element elementor-element-18f8101a e-flex e-con-boxed e-con e-child\" data-id=\"18f8101a\" data-element_type=\"container\" data-e-type=\"container\" data-settings=\"{&quot;ekit_has_onepagescroll_dot&quot;:&quot;yes&quot;}\">\n\t\t\t\t\t<div class=\"e-con-inner\">\n\t\t\t\t<div class=\"elementor-element elementor-element-73cf1d7a elementor-align-justify elementor-widget__width-inherit elementor-widget elementor-widget-the7_button_widget\" data-id=\"73cf1d7a\" data-element_type=\"widget\" data-e-type=\"widget\" data-settings=\"{&quot;ekit_we_effect_on&quot;:&quot;none&quot;}\" data-widget_type=\"the7_button_widget.default\">\n\t\t\t\t<div class=\"elementor-widget-container\">\n\t\t\t\t\t<div class=\"elementor-button-wrapper\"><a href=\"https:\/\/www.klimagiel.it\/contact\/\" class=\"box-button elementor-button elementor-size-xl\">Demander un conseil<\/a><\/div>\t\t\t\t<\/div>\n\t\t\t\t<\/div>\n\t\t\t\t<div class=\"elementor-element elementor-element-3d1f5004 elementor-align-justify elementor-widget__width-inherit elementor-widget elementor-widget-the7_button_widget\" data-id=\"3d1f5004\" data-element_type=\"widget\" data-e-type=\"widget\" data-settings=\"{&quot;ekit_we_effect_on&quot;:&quot;none&quot;}\" data-widget_type=\"the7_button_widget.default\">\n\t\t\t\t<div class=\"elementor-widget-container\">\n\t\t\t\t\t<div class=\"elementor-button-wrapper\"><a href=\"https:\/\/www.klimagiel.it\/contact\/\" class=\"box-button elementor-button elementor-size-xl\">Devis gratuit<\/a><\/div>\t\t\t\t<\/div>\n\t\t\t\t<\/div>\n\t\t\t\t\t<\/div>\n\t\t\t\t<\/div>\n\t\t\t\t\t<\/div>\n\t\t\t\t<\/div>\n\t\t\t\t<\/div>\n\t\t\t\t<\/div>\n\t\t","protected":false},"excerpt":{"rendered":"<p>Les espaces d\u00e9di\u00e9s au sport et au bien-\u00eatre pr\u00e9sentent des conditions particuli\u00e8res : humidit\u00e9 \u00e9lev\u00e9e dans les piscines, chaleur et affluence dans les salles de sport, n\u00e9cessit\u00e9 d&rsquo;un renouvellement constant de l&rsquo;air dans les centres sportifs. Dans ces contextes, les dispositifs de diffusion de l&rsquo;air jouent un r\u00f4le cl\u00e9 pour garantir le confort, la s\u00e9curit\u00e9&hellip;<\/p>\n","protected":false},"author":5,"featured_media":0,"parent":48340,"menu_order":0,"comment_status":"closed","ping_status":"closed","template":"","meta":{"footnotes":""},"wf_page_folders":[232],"class_list":["post-48441","page","type-page","status-publish","hentry"],"_links":{"self":[{"href":"https:\/\/www.klimagiel.it\/fr\/wp-json\/wp\/v2\/pages\/48441","targetHints":{"allow":["GET"]}}],"collection":[{"href":"https:\/\/www.klimagiel.it\/fr\/wp-json\/wp\/v2\/pages"}],"about":[{"href":"https:\/\/www.klimagiel.it\/fr\/wp-json\/wp\/v2\/types\/page"}],"author":[{"embeddable":true,"href":"https:\/\/www.klimagiel.it\/fr\/wp-json\/wp\/v2\/users\/5"}],"replies":[{"embeddable":true,"href":"https:\/\/www.klimagiel.it\/fr\/wp-json\/wp\/v2\/comments?post=48441"}],"version-history":[{"count":5,"href":"https:\/\/www.klimagiel.it\/fr\/wp-json\/wp\/v2\/pages\/48441\/revisions"}],"predecessor-version":[{"id":49892,"href":"https:\/\/www.klimagiel.it\/fr\/wp-json\/wp\/v2\/pages\/48441\/revisions\/49892"}],"up":[{"embeddable":true,"href":"https:\/\/www.klimagiel.it\/fr\/wp-json\/wp\/v2\/pages\/48340"}],"wp:attachment":[{"href":"https:\/\/www.klimagiel.it\/fr\/wp-json\/wp\/v2\/media?parent=48441"}],"wp:term":[{"taxonomy":"wf_page_folders","embeddable":true,"href":"https:\/\/www.klimagiel.it\/fr\/wp-json\/wp\/v2\/wf_page_folders?post=48441"}],"curies":[{"name":"wp","href":"https:\/\/api.w.org\/{rel}","templated":true}]}}