{"id":48326,"date":"2025-07-27T13:13:59","date_gmt":"2025-07-27T13:13:59","guid":{"rendered":"https:\/\/www.klimagiel.it\/la-nostra-produzione\/"},"modified":"2026-01-14T14:00:57","modified_gmt":"2026-01-14T14:00:57","slug":"la-nostra-produzione","status":"publish","type":"page","link":"https:\/\/www.klimagiel.it\/fr\/la-nostra-produzione\/","title":{"rendered":"Notre production"},"content":{"rendered":"\t\t<div data-elementor-type=\"wp-page\" data-elementor-id=\"48326\" class=\"elementor elementor-48326 elementor-46122\" data-elementor-post-type=\"page\">\n\t\t\t\t<div class=\"elementor-element elementor-element-0e3f3ee e-flex e-con-boxed e-con e-parent\" data-id=\"0e3f3ee\" data-element_type=\"container\" data-e-type=\"container\" data-settings=\"{&quot;ekit_has_onepagescroll_dot&quot;:&quot;yes&quot;}\">\n\t\t\t\t\t<div class=\"e-con-inner\">\n\t\t\t\t<div class=\"elementor-element elementor-element-9971b97 elementor-widget elementor-widget-spacer\" data-id=\"9971b97\" data-element_type=\"widget\" data-e-type=\"widget\" data-settings=\"{&quot;ekit_we_effect_on&quot;:&quot;none&quot;}\" data-widget_type=\"spacer.default\">\n\t\t\t\t<div class=\"elementor-widget-container\">\n\t\t\t\t\t\t\t<div class=\"elementor-spacer\">\n\t\t\t<div class=\"elementor-spacer-inner\"><\/div>\n\t\t<\/div>\n\t\t\t\t\t\t<\/div>\n\t\t\t\t<\/div>\n\t\t\t\t<div class=\"elementor-element elementor-element-99b6cf9 elementor-widget elementor-widget-text-editor\" data-id=\"99b6cf9\" data-element_type=\"widget\" data-e-type=\"widget\" data-settings=\"{&quot;ekit_we_effect_on&quot;:&quot;none&quot;}\" data-widget_type=\"text-editor.default\">\n\t\t\t\t<div class=\"elementor-widget-container\">\n\t\t\t\t\t\t\t\t\t<p>Afin de r\u00e9pondre avec encore plus d&rsquo;efficacit\u00e9 et de qualit\u00e9 aux demandes du march\u00e9, Klimagiel a inaugur\u00e9 le 1er janvier 2025 un nouveau site de production enti\u00e8rement d\u00e9di\u00e9 \u00e0 la fabrication de conduits textiles microperfor\u00e9s.<\/p>\t\t\t\t\t\t\t\t<\/div>\n\t\t\t\t<\/div>\n\t\t\t\t<div class=\"elementor-element elementor-element-c69cce9 elementor-widget-laptop__width-initial elementor-widget elementor-widget-image\" data-id=\"c69cce9\" data-element_type=\"widget\" data-e-type=\"widget\" data-settings=\"{&quot;ekit_we_effect_on&quot;:&quot;none&quot;}\" data-widget_type=\"image.default\">\n\t\t\t\t<div class=\"elementor-widget-container\">\n\t\t\t\t\t\t\t\t\t\t\t\t\t\t\t<img fetchpriority=\"high\" decoding=\"async\" width=\"1280\" height=\"577\" src=\"https:\/\/www.klimagiel.it\/wp-content\/uploads\/2025\/07\/produzione2.jpg\" class=\"attachment-full size-full wp-image-46286\" alt=\"\" srcset=\"https:\/\/www.klimagiel.it\/wp-content\/uploads\/2025\/07\/produzione2.jpg 1280w, https:\/\/www.klimagiel.it\/wp-content\/uploads\/2025\/07\/produzione2-300x135.jpg 300w, https:\/\/www.klimagiel.it\/wp-content\/uploads\/2025\/07\/produzione2-1024x462.jpg 1024w, https:\/\/www.klimagiel.it\/wp-content\/uploads\/2025\/07\/produzione2-768x346.jpg 768w\" sizes=\"(max-width: 1280px) 100vw, 1280px\" \/>\t\t\t\t\t\t\t\t\t\t\t\t\t\t\t<\/div>\n\t\t\t\t<\/div>\n\t\t\t\t<div class=\"elementor-element elementor-element-df33f58 elementor-widget elementor-widget-text-editor\" data-id=\"df33f58\" data-element_type=\"widget\" data-e-type=\"widget\" data-settings=\"{&quot;ekit_we_effect_on&quot;:&quot;none&quot;}\" data-widget_type=\"text-editor.default\">\n\t\t\t\t<div class=\"elementor-widget-container\">\n\t\t\t\t\t\t\t\t\t<p> Situ\u00e9 \u00e0 Castel d&rsquo;Azzano (V\u00e9rone), le nouveau site repr\u00e9sente un investissement strat\u00e9gique visant \u00e0 consolider notre leadership dans le secteur de la distribution d&rsquo;air.<\/p><h3> <\/h3><h3 style=\"text-align: center;\"><b>Une installation moderne et \u00e0 la pointe de la technologie<\/b><\/h3><p>Le nouveau si\u00e8ge s&rsquo;\u00e9tend sur une surface de 600 m\u00b2 destin\u00e9e \u00e0 la production, \u00e0 laquelle s&rsquo;ajoutent 700 m\u00b2 d&rsquo;entrep\u00f4t logistique. \u00c0 l&rsquo;int\u00e9rieur, des d\u00e9partements sp\u00e9cialis\u00e9s ont \u00e9t\u00e9 organis\u00e9s pour les activit\u00e9s de d\u00e9coupe, de per\u00e7age laser, de couture, de contr\u00f4le qualit\u00e9 et de logistique, tous int\u00e9gr\u00e9s dans un flux de production optimis\u00e9. <\/p><p>Gr\u00e2ce \u00e0 l&rsquo;utilisation de machines \u00e0 la pointe de la technologie, telles que des installations de d\u00e9coupe et de per\u00e7age laser et des agrafeuses industrielles de derni\u00e8re g\u00e9n\u00e9ration, nous pouvons garantir une capacit\u00e9 de production de plus de 100 000 m\u00e8tres de tissu par an, avec un temps de production r\u00e9duit de 25 % par rapport aux normes pr\u00e9c\u00e9dentes.<\/p><h3> <\/h3><h3> <\/h3><h3 style=\"text-align: center;\"><b>Mat\u00e9riaux et processus sous contr\u00f4le<\/b><\/h3><p>Le site traite tous les principaux types de tissus Klimagiel, notamment :<\/p><ul><li aria-level=\"1\"><b>Premium<\/b><\/li><li aria-level=\"1\"><b>Plume<\/b><\/li><li aria-level=\"1\"><b>Fibre<\/b><\/li><li aria-level=\"1\"><b>Antistatique<\/b><\/li><li aria-level=\"1\"><b>Antibatterico<\/b><\/li><li aria-level=\"1\"><b>Tissu recycl\u00e9<\/b><\/li><\/ul><p>Chaque \u00e9tape du processus est supervis\u00e9e par notre service qualit\u00e9, qui effectue des contr\u00f4les syst\u00e9matiques tant sur le tissu \u00e0 l&rsquo;entr\u00e9e que sur le produit fini, garantissant ainsi la conformit\u00e9 aux normes techniques et esth\u00e9tiques.<\/p><p>De plus, afin de garantir une s\u00e9curit\u00e9 environnementale maximale, le site a \u00e9t\u00e9 \u00e9quip\u00e9 d&rsquo;un syst\u00e8me avanc\u00e9 de filtration de l&rsquo;air sur tout son p\u00e9rim\u00e8tre, conforme aux normes europ\u00e9ennes en vigueur en mati\u00e8re d&rsquo;\u00e9missions industrielles.<\/p>\t\t\t\t\t\t\t\t<\/div>\n\t\t\t\t<\/div>\n\t\t\t\t<div class=\"elementor-element elementor-element-2818a92 elementor-widget elementor-widget-spacer\" data-id=\"2818a92\" data-element_type=\"widget\" data-e-type=\"widget\" data-settings=\"{&quot;ekit_we_effect_on&quot;:&quot;none&quot;}\" data-widget_type=\"spacer.default\">\n\t\t\t\t<div class=\"elementor-widget-container\">\n\t\t\t\t\t\t\t<div class=\"elementor-spacer\">\n\t\t\t<div class=\"elementor-spacer-inner\"><\/div>\n\t\t<\/div>\n\t\t\t\t\t\t<\/div>\n\t\t\t\t<\/div>\n\t\t\t\t\t<\/div>\n\t\t\t\t<\/div>\n\t\t<div class=\"elementor-element elementor-element-5f0103f e-flex e-con-boxed e-con e-parent\" data-id=\"5f0103f\" data-element_type=\"container\" data-e-type=\"container\" data-settings=\"{&quot;ekit_has_onepagescroll_dot&quot;:&quot;yes&quot;}\">\n\t\t\t\t\t<div class=\"e-con-inner\">\n\t\t\t\t<div class=\"elementor-element elementor-element-0a741f5 elementor-widget elementor-widget-video\" data-id=\"0a741f5\" data-element_type=\"widget\" data-e-type=\"widget\" data-settings=\"{&quot;youtube_url&quot;:&quot;https:\\\/\\\/youtu.be\\\/2HkzFJ3nsDE&quot;,&quot;video_type&quot;:&quot;youtube&quot;,&quot;controls&quot;:&quot;yes&quot;,&quot;ekit_we_effect_on&quot;:&quot;none&quot;}\" data-widget_type=\"video.default\">\n\t\t\t\t<div class=\"elementor-widget-container\">\n\t\t\t\t\t\t\t<div class=\"elementor-wrapper elementor-open-inline\">\n\t\t\t<div class=\"elementor-video\"><\/div>\t\t<\/div>\n\t\t\t\t\t\t<\/div>\n\t\t\t\t<\/div>\n\t\t\t\t<div class=\"elementor-element elementor-element-6522298 elementor-widget elementor-widget-spacer\" data-id=\"6522298\" data-element_type=\"widget\" data-e-type=\"widget\" data-settings=\"{&quot;ekit_we_effect_on&quot;:&quot;none&quot;}\" data-widget_type=\"spacer.default\">\n\t\t\t\t<div class=\"elementor-widget-container\">\n\t\t\t\t\t\t\t<div class=\"elementor-spacer\">\n\t\t\t<div class=\"elementor-spacer-inner\"><\/div>\n\t\t<\/div>\n\t\t\t\t\t\t<\/div>\n\t\t\t\t<\/div>\n\t\t\t\t\t<\/div>\n\t\t\t\t<\/div>\n\t\t<div class=\"elementor-element elementor-element-6826b59 e-flex e-con-boxed e-con e-parent\" data-id=\"6826b59\" data-element_type=\"container\" data-e-type=\"container\" data-settings=\"{&quot;ekit_has_onepagescroll_dot&quot;:&quot;yes&quot;}\">\n\t\t\t\t\t<div class=\"e-con-inner\">\n\t\t<div class=\"elementor-element elementor-element-54fa2dd e-con-full e-flex e-con e-child\" data-id=\"54fa2dd\" data-element_type=\"container\" data-e-type=\"container\" data-settings=\"{&quot;ekit_has_onepagescroll_dot&quot;:&quot;yes&quot;}\">\n\t\t\t\t<div class=\"elementor-element elementor-element-5498173 elementor-widget elementor-widget-text-editor\" data-id=\"5498173\" data-element_type=\"widget\" data-e-type=\"widget\" data-settings=\"{&quot;ekit_we_effect_on&quot;:&quot;none&quot;}\" data-widget_type=\"text-editor.default\">\n\t\t\t\t<div class=\"elementor-widget-container\">\n\t\t\t\t\t\t\t\t\t<p> <\/p><h3 style=\"text-align: center;\"><b>Les personnes et les comp\u00e9tences au c\u0153ur de nos pr\u00e9occupations<\/b><\/h3><p>Aujourd&rsquo;hui, la production est confi\u00e9e \u00e0 une \u00e9quipe hautement qualifi\u00e9e compos\u00e9e de six professionnels ayant plus de 40 ans d&rsquo;exp\u00e9rience dans la confection industrielle, dont deux techniciennes mod\u00e9listes sp\u00e9cialis\u00e9es dans la conception et la confection sur mesure.<\/p><p>Le nouveau si\u00e8ge repr\u00e9sente non seulement un renforcement de nos capacit\u00e9s op\u00e9rationnelles, mais aussi un engagement concret en faveur de l&rsquo;innovation, de la durabilit\u00e9 et de la qualit\u00e9 sur mesure, des valeurs qui ont toujours guid\u00e9 Klimagiel dans son parcours de croissance.<\/p>\t\t\t\t\t\t\t\t<\/div>\n\t\t\t\t<\/div>\n\t\t\t\t<\/div>\n\t\t<div class=\"elementor-element elementor-element-b68f01c e-con-full e-flex e-con e-child\" data-id=\"b68f01c\" data-element_type=\"container\" data-e-type=\"container\" data-settings=\"{&quot;ekit_has_onepagescroll_dot&quot;:&quot;yes&quot;}\">\n\t\t\t\t<div class=\"elementor-element elementor-element-27f9732 elementor-widget elementor-widget-image\" data-id=\"27f9732\" data-element_type=\"widget\" data-e-type=\"widget\" data-settings=\"{&quot;ekit_we_effect_on&quot;:&quot;none&quot;}\" data-widget_type=\"image.default\">\n\t\t\t\t<div class=\"elementor-widget-container\">\n\t\t\t\t\t\t\t\t\t\t\t\t\t\t\t<img decoding=\"async\" width=\"577\" height=\"619\" src=\"https:\/\/www.klimagiel.it\/wp-content\/uploads\/2025\/07\/produzione-1.jpg\" class=\"attachment-large size-large wp-image-46294\" alt=\"\" srcset=\"https:\/\/www.klimagiel.it\/wp-content\/uploads\/2025\/07\/produzione-1.jpg 577w, https:\/\/www.klimagiel.it\/wp-content\/uploads\/2025\/07\/produzione-1-280x300.jpg 280w\" sizes=\"(max-width: 577px) 100vw, 577px\" \/>\t\t\t\t\t\t\t\t\t\t\t\t\t\t\t<\/div>\n\t\t\t\t<\/div>\n\t\t\t\t<\/div>\n\t\t\t\t\t<\/div>\n\t\t\t\t<\/div>\n\t\t<div class=\"elementor-element elementor-element-474daba e-flex e-con-boxed e-con e-parent\" data-id=\"474daba\" data-element_type=\"container\" data-e-type=\"container\" data-settings=\"{&quot;ekit_has_onepagescroll_dot&quot;:&quot;yes&quot;}\">\n\t\t\t\t\t<div class=\"e-con-inner\">\n\t\t\t\t\t<\/div>\n\t\t\t\t<\/div>\n\t\t<div class=\"elementor-element elementor-element-32553239 e-con-full e-flex e-con e-child\" data-id=\"32553239\" data-element_type=\"container\" data-e-type=\"container\" data-settings=\"{&quot;background_background&quot;:&quot;classic&quot;,&quot;shape_divider_top&quot;:&quot;mountains&quot;,&quot;shape_divider_bottom&quot;:&quot;mountains&quot;,&quot;ekit_has_onepagescroll_dot&quot;:&quot;yes&quot;}\">\n\t\t\t\t<div class=\"elementor-shape elementor-shape-top\" aria-hidden=\"true\" data-negative=\"false\">\n\t\t\t<svg xmlns=\"http:\/\/www.w3.org\/2000\/svg\" viewBox=\"0 0 1000 100\" preserveAspectRatio=\"none\">\n\t<path class=\"elementor-shape-fill\" opacity=\"0.33\" d=\"M473,67.3c-203.9,88.3-263.1-34-320.3,0C66,119.1,0,59.7,0,59.7V0h1000v59.7 c0,0-62.1,26.1-94.9,29.3c-32.8,3.3-62.8-12.3-75.8-22.1C806,49.6,745.3,8.7,694.9,4.7S492.4,59,473,67.3z\"\/>\n\t<path class=\"elementor-shape-fill\" opacity=\"0.66\" d=\"M734,67.3c-45.5,0-77.2-23.2-129.1-39.1c-28.6-8.7-150.3-10.1-254,39.1 s-91.7-34.4-149.2,0C115.7,118.3,0,39.8,0,39.8V0h1000v36.5c0,0-28.2-18.5-92.1-18.5C810.2,18.1,775.7,67.3,734,67.3z\"\/>\n\t<path class=\"elementor-shape-fill\" d=\"M766.1,28.9c-200-57.5-266,65.5-395.1,19.5C242,1.8,242,5.4,184.8,20.6C128,35.8,132.3,44.9,89.9,52.5C28.6,63.7,0,0,0,0 h1000c0,0-9.9,40.9-83.6,48.1S829.6,47,766.1,28.9z\"\/>\n<\/svg>\t\t<\/div>\n\t\t\t\t<div class=\"elementor-shape elementor-shape-bottom\" aria-hidden=\"true\" data-negative=\"false\">\n\t\t\t<svg xmlns=\"http:\/\/www.w3.org\/2000\/svg\" viewBox=\"0 0 1000 100\" preserveAspectRatio=\"none\">\n\t<path class=\"elementor-shape-fill\" opacity=\"0.33\" d=\"M473,67.3c-203.9,88.3-263.1-34-320.3,0C66,119.1,0,59.7,0,59.7V0h1000v59.7 c0,0-62.1,26.1-94.9,29.3c-32.8,3.3-62.8-12.3-75.8-22.1C806,49.6,745.3,8.7,694.9,4.7S492.4,59,473,67.3z\"\/>\n\t<path class=\"elementor-shape-fill\" opacity=\"0.66\" d=\"M734,67.3c-45.5,0-77.2-23.2-129.1-39.1c-28.6-8.7-150.3-10.1-254,39.1 s-91.7-34.4-149.2,0C115.7,118.3,0,39.8,0,39.8V0h1000v36.5c0,0-28.2-18.5-92.1-18.5C810.2,18.1,775.7,67.3,734,67.3z\"\/>\n\t<path class=\"elementor-shape-fill\" d=\"M766.1,28.9c-200-57.5-266,65.5-395.1,19.5C242,1.8,242,5.4,184.8,20.6C128,35.8,132.3,44.9,89.9,52.5C28.6,63.7,0,0,0,0 h1000c0,0-9.9,40.9-83.6,48.1S829.6,47,766.1,28.9z\"\/>\n<\/svg>\t\t<\/div>\n\t\t<div class=\"elementor-element elementor-element-11df33d0 e-flex e-con-boxed e-con e-child\" data-id=\"11df33d0\" data-element_type=\"container\" data-e-type=\"container\" data-settings=\"{&quot;background_background&quot;:&quot;gradient&quot;,&quot;ekit_has_onepagescroll_dot&quot;:&quot;yes&quot;}\">\n\t\t\t\t\t<div class=\"e-con-inner\">\n\t\t\t\t<div class=\"elementor-element elementor-element-6026ae8a elementor-widget-tablet__width-inherit elementor-widget elementor-widget-the7-heading\" data-id=\"6026ae8a\" data-element_type=\"widget\" data-e-type=\"widget\" data-settings=\"{&quot;ekit_we_effect_on&quot;:&quot;none&quot;}\" data-widget_type=\"the7-heading.default\">\n\t\t\t\t<div class=\"elementor-widget-container\">\n\t\t\t\t\t<div class=\"the7-heading-title elementor-size-default\">Le confort commence ici<\/div>\t\t\t\t<\/div>\n\t\t\t\t<\/div>\n\t\t\t\t<div class=\"elementor-element elementor-element-1eab5397 elementor-widget-tablet__width-inherit elementor-widget elementor-widget-the7-heading\" data-id=\"1eab5397\" data-element_type=\"widget\" data-e-type=\"widget\" data-settings=\"{&quot;ekit_we_effect_on&quot;:&quot;none&quot;}\" data-widget_type=\"the7-heading.default\">\n\t\t\t\t<div class=\"elementor-widget-container\">\n\t\t\t\t\t<div class=\"the7-heading-title elementor-size-default\">Des experts en diffusion d'air \u00e0 votre service.<br> D\u00e9couvrez les solutions Klimagiel pour votre environnement id\u00e9al<\/div>\t\t\t\t<\/div>\n\t\t\t\t<\/div>\n\t\t<div class=\"elementor-element elementor-element-1dd7127e e-flex e-con-boxed e-con e-child\" data-id=\"1dd7127e\" data-element_type=\"container\" data-e-type=\"container\" data-settings=\"{&quot;ekit_has_onepagescroll_dot&quot;:&quot;yes&quot;}\">\n\t\t\t\t\t<div class=\"e-con-inner\">\n\t\t\t\t<div class=\"elementor-element elementor-element-2e3dd064 elementor-align-justify elementor-widget__width-inherit elementor-widget elementor-widget-the7_button_widget\" data-id=\"2e3dd064\" data-element_type=\"widget\" data-e-type=\"widget\" data-settings=\"{&quot;ekit_we_effect_on&quot;:&quot;none&quot;}\" data-widget_type=\"the7_button_widget.default\">\n\t\t\t\t<div class=\"elementor-widget-container\">\n\t\t\t\t\t<div class=\"elementor-button-wrapper\"><a href=\"https:\/\/www.klimagiel.it\/contact\/\" class=\"box-button elementor-button elementor-size-xl\">Demander un conseil<\/a><\/div>\t\t\t\t<\/div>\n\t\t\t\t<\/div>\n\t\t\t\t<div class=\"elementor-element elementor-element-55f82664 elementor-align-justify elementor-widget__width-inherit elementor-widget elementor-widget-the7_button_widget\" data-id=\"55f82664\" data-element_type=\"widget\" data-e-type=\"widget\" data-settings=\"{&quot;ekit_we_effect_on&quot;:&quot;none&quot;}\" data-widget_type=\"the7_button_widget.default\">\n\t\t\t\t<div class=\"elementor-widget-container\">\n\t\t\t\t\t<div class=\"elementor-button-wrapper\"><a href=\"https:\/\/www.klimagiel.it\/contact\/\" class=\"box-button elementor-button elementor-size-xl\">Devis gratuit<\/a><\/div>\t\t\t\t<\/div>\n\t\t\t\t<\/div>\n\t\t\t\t\t<\/div>\n\t\t\t\t<\/div>\n\t\t\t\t\t<\/div>\n\t\t\t\t<\/div>\n\t\t\t\t<\/div>\n\t\t\t\t<\/div>\n\t\t","protected":false},"excerpt":{"rendered":"<p>Afin de r\u00e9pondre avec encore plus d&rsquo;efficacit\u00e9 et de qualit\u00e9 aux demandes du march\u00e9, Klimagiel a inaugur\u00e9 le 1er janvier 2025 un nouveau site de production enti\u00e8rement d\u00e9di\u00e9 \u00e0 la fabrication de conduits textiles microperfor\u00e9s. Situ\u00e9 \u00e0 Castel d&rsquo;Azzano (V\u00e9rone), le nouveau site repr\u00e9sente un investissement strat\u00e9gique visant \u00e0 consolider notre leadership dans le secteur&hellip;<\/p>\n","protected":false},"author":5,"featured_media":0,"parent":0,"menu_order":0,"comment_status":"closed","ping_status":"closed","template":"","meta":{"footnotes":""},"wf_page_folders":[226],"class_list":["post-48326","page","type-page","status-publish","hentry"],"_links":{"self":[{"href":"https:\/\/www.klimagiel.it\/fr\/wp-json\/wp\/v2\/pages\/48326","targetHints":{"allow":["GET"]}}],"collection":[{"href":"https:\/\/www.klimagiel.it\/fr\/wp-json\/wp\/v2\/pages"}],"about":[{"href":"https:\/\/www.klimagiel.it\/fr\/wp-json\/wp\/v2\/types\/page"}],"author":[{"embeddable":true,"href":"https:\/\/www.klimagiel.it\/fr\/wp-json\/wp\/v2\/users\/5"}],"replies":[{"embeddable":true,"href":"https:\/\/www.klimagiel.it\/fr\/wp-json\/wp\/v2\/comments?post=48326"}],"version-history":[{"count":3,"href":"https:\/\/www.klimagiel.it\/fr\/wp-json\/wp\/v2\/pages\/48326\/revisions"}],"predecessor-version":[{"id":49906,"href":"https:\/\/www.klimagiel.it\/fr\/wp-json\/wp\/v2\/pages\/48326\/revisions\/49906"}],"wp:attachment":[{"href":"https:\/\/www.klimagiel.it\/fr\/wp-json\/wp\/v2\/media?parent=48326"}],"wp:term":[{"taxonomy":"wf_page_folders","embeddable":true,"href":"https:\/\/www.klimagiel.it\/fr\/wp-json\/wp\/v2\/wf_page_folders?post=48326"}],"curies":[{"name":"wp","href":"https:\/\/api.w.org\/{rel}","templated":true}]}}