{"id":48153,"date":"2025-03-16T23:54:18","date_gmt":"2025-03-16T23:54:18","guid":{"rendered":"https:\/\/www.klimagiel.it\/calcolo-dimensione-diffusori\/"},"modified":"2026-02-08T09:37:34","modified_gmt":"2026-02-08T09:37:34","slug":"calcolo-dimensione-diffusori","status":"publish","type":"page","link":"https:\/\/www.klimagiel.it\/fr\/documentation-technique-fiches-et-manuels\/calcolo-dimensione-diffusori\/","title":{"rendered":"Calcul de la taille des diffuseurs"},"content":{"rendered":"\t\t<div data-elementor-type=\"wp-page\" data-elementor-id=\"48153\" class=\"elementor elementor-48153 elementor-41547\" data-elementor-post-type=\"page\">\n\t\t\t\t<div class=\"elementor-element elementor-element-d6e55ac e-flex e-con-boxed e-con e-parent\" data-id=\"d6e55ac\" data-element_type=\"container\" data-e-type=\"container\" data-settings=\"{&quot;ekit_has_onepagescroll_dot&quot;:&quot;yes&quot;}\">\n\t\t\t\t\t<div class=\"e-con-inner\">\n\t\t\t\t<div class=\"elementor-element elementor-element-cd905ea elementor-widget elementor-widget-spacer\" data-id=\"cd905ea\" data-element_type=\"widget\" data-e-type=\"widget\" data-settings=\"{&quot;ekit_we_effect_on&quot;:&quot;none&quot;}\" data-widget_type=\"spacer.default\">\n\t\t\t\t<div class=\"elementor-widget-container\">\n\t\t\t\t\t\t\t<div class=\"elementor-spacer\">\n\t\t\t<div class=\"elementor-spacer-inner\"><\/div>\n\t\t<\/div>\n\t\t\t\t\t\t<\/div>\n\t\t\t\t<\/div>\n\t\t\t\t<div class=\"elementor-element elementor-element-4f199fc elementor-widget elementor-widget-heading\" data-id=\"4f199fc\" data-element_type=\"widget\" data-e-type=\"widget\" data-settings=\"{&quot;ekit_we_effect_on&quot;:&quot;none&quot;}\" data-widget_type=\"heading.default\">\n\t\t\t\t<div class=\"elementor-widget-container\">\n\t\t\t\t\t<h2 class=\"elementor-heading-title elementor-size-default\">Calculez la taille des diffuseurs<\/h2>\t\t\t\t<\/div>\n\t\t\t\t<\/div>\n\t\t\t\t\t<\/div>\n\t\t\t\t<\/div>\n\t\t<div class=\"elementor-element elementor-element-8a1e527 e-flex e-con-boxed e-con e-parent\" data-id=\"8a1e527\" data-element_type=\"container\" data-e-type=\"container\" data-settings=\"{&quot;ekit_has_onepagescroll_dot&quot;:&quot;yes&quot;}\">\n\t\t\t\t\t<div class=\"e-con-inner\">\n\t\t\t\t<div class=\"elementor-element elementor-element-65e38bd elementor-widget elementor-widget-text-editor\" data-id=\"65e38bd\" data-element_type=\"widget\" data-e-type=\"widget\" data-settings=\"{&quot;ekit_we_effect_on&quot;:&quot;none&quot;}\" data-widget_type=\"text-editor.default\">\n\t\t\t\t<div class=\"elementor-widget-container\">\n\t\t\t\t\t\t\t\t\t<p>Entrez les donn\u00e9es pour obtenir les informations correspondantes.<\/p>\t\t\t\t\t\t\t\t<\/div>\n\t\t\t\t<\/div>\n\t\t\t\t<div class=\"elementor-element elementor-element-d52b53d elementor-widget elementor-widget-shortcode\" data-id=\"d52b53d\" data-element_type=\"widget\" data-e-type=\"widget\" data-settings=\"{&quot;ekit_we_effect_on&quot;:&quot;none&quot;}\" data-widget_type=\"shortcode.default\">\n\t\t\t\t<div class=\"elementor-widget-container\">\n\t\t\t\t\t\t\t<div class=\"elementor-shortcode\"><div class=\"contenitore\">\r\n    <div class=\"calcolatore\">\r\n        <div>\r\n            <h2>1- S\u00e9lectionnez la forme<\/h2>\r\n\r\n            <select name=\"forma\" onchange=\"calcola()\" id=\"forma\">\r\n                <option value=\"1\">Circulaire<\/option>\r\n                <option value=\"2\">Semi-circulaire<\/option>\r\n                <option value=\"4\">Quart de cercle<\/option>\r\n            <\/select>\r\n        <\/div>\r\n        <div>\r\n            <h2>2- S\u00e9lectionnez le type de mat\u00e9riau<\/h2>\r\n\r\n            <select name=\"materiale\" onchange=\"finitura()\" id=\"materiale\">\r\n                <option value=\"non_specificato\">Non sp\u00e9cifi\u00e9<\/option>\r\n                <option value=\"tessuto\">Textile<\/option>\r\n                <option value=\"metallo\">M\u00e9tal<\/option>\r\n            <\/select>\r\n        <\/div>\r\n        <div>\r\n            <h2>3- Finition<\/h2>\r\n\r\n            <select name=\"finitura\" id=\"finitura\">\r\n                \r\n                <option value=\"non_disponibile\">non disponible<\/option>\r\n\r\n            <\/select>\r\n        <\/div>\r\n        <div>\r\n            <h2>4- Saisir le d\u00e9bit d\u2019air de projet<\/h2>\r\n            <input type=\"number\" onchange=\"calcola()\" min=\"0\" value=\"1000\" step=\"100\" id=\"p_aria\" name=\"p_aria\">\r\n            m<sup>3<\/sup>\/h\r\n        <\/div>\r\n        <div>\r\n            <h2>4- Saisir la pression totale de projet<\/h2>\r\n            <input type=\"number\" onchange=\"calcola()\" min=\"0\" value=\"100\" step=\"50\" id=\"pressione_totale\" name=\"p_aria\">\r\n            Pa\r\n        <\/div>\r\n        <div>\r\n\r\n        <h2>6- S\u00e9lectionner le diam\u00e8tre<\/h2>\r\n        <select name=\"diametro\" onchange=\"calcola()\" id=\"diametro\">\r\n            <option value=\"200\">200<\/option>\r\n            <option value=\"250\">250<\/option>\r\n            <option value=\"300\">300<\/option>\r\n            <option value=\"350\">350<\/option>\r\n            <option value=\"400\">400<\/option>\r\n            <option value=\"450\">450<\/option>\r\n            <option value=\"500\">500<\/option>\r\n            <option value=\"550\">550<\/option>\r\n            <option value=\"600\">600<\/option>\r\n            <option value=\"650\">650<\/option>\r\n            <option value=\"700\">700<\/option>\r\n            <option value=\"750\">750<\/option>\r\n            <option value=\"800\">800<\/option>\r\n            <option value=\"850\">850<\/option>\r\n            <option value=\"900\">900<\/option>\r\n            <option value=\"950\">950<\/option>\r\n            <option value=\"1000\">1000<\/option>\r\n            <option value=\"1050\">1050<\/option>\r\n            <option value=\"1100\">1100<\/option>\r\n            <option value=\"1150\">1150<\/option>\r\n            <option value=\"1200\">1200<\/option>\r\n            <option value=\"1250\">1250<\/option>\r\n            <option value=\"1300\">1300<\/option>\r\n            <option value=\"1350\">1350<\/option>\r\n            <option value=\"1400\">1400<\/option>\r\n            <option value=\"1450\">1450<\/option>\r\n            <option value=\"1500\">1500<\/option>\r\n        <\/select> mm\r\n        \r\n        <\/div>\r\n    <\/div>\r\n\r\n    <div class=\"risultati\">\r\n        <div id=\"errori_possibili\">\r\n            <p id=\"error\"><\/p>\r\n        <\/div>\r\n        <div>\r\n            <h3 id=\"velocita\">Vitesse : <\/h3>\r\n        <\/div>\r\n        <div>\r\n            <h3 id=\"pressione_dinamica\">Pression dynamique (Pa) : <\/h3>\r\n        <\/div>\r\n        <div>\r\n            <h3 id=\"pressione_statica\">Pression statique (Pa) : <\/h3>\r\n        <\/div>\r\n        \r\n        <div>\r\n            <h3 id=\"pressione\">Pression totale requise (Pa) : <\/h3>\r\n        <\/div>\r\n\r\n    <\/div>\r\n<\/div><\/div>\n\t\t\t\t\t\t<\/div>\n\t\t\t\t<\/div>\n\t\t\t\t\t<\/div>\n\t\t\t\t<\/div>\n\t\t<div class=\"elementor-element elementor-element-f2aee69 e-flex e-con-boxed e-con e-parent\" data-id=\"f2aee69\" data-element_type=\"container\" data-e-type=\"container\" data-settings=\"{&quot;ekit_has_onepagescroll_dot&quot;:&quot;yes&quot;}\">\n\t\t\t\t\t<div class=\"e-con-inner\">\n\t\t\t\t<div class=\"elementor-element elementor-element-18b5ad4 elementor-widget elementor-widget-spacer\" data-id=\"18b5ad4\" data-element_type=\"widget\" data-e-type=\"widget\" data-settings=\"{&quot;ekit_we_effect_on&quot;:&quot;none&quot;}\" data-widget_type=\"spacer.default\">\n\t\t\t\t<div class=\"elementor-widget-container\">\n\t\t\t\t\t\t\t<div class=\"elementor-spacer\">\n\t\t\t<div class=\"elementor-spacer-inner\"><\/div>\n\t\t<\/div>\n\t\t\t\t\t\t<\/div>\n\t\t\t\t<\/div>\n\t\t\t\t\t<\/div>\n\t\t\t\t<\/div>\n\t\t<div class=\"elementor-element elementor-element-1f1510dc e-con-full e-flex e-con e-child\" data-id=\"1f1510dc\" data-element_type=\"container\" data-e-type=\"container\" data-settings=\"{&quot;background_background&quot;:&quot;classic&quot;,&quot;shape_divider_top&quot;:&quot;mountains&quot;,&quot;shape_divider_bottom&quot;:&quot;mountains&quot;,&quot;ekit_has_onepagescroll_dot&quot;:&quot;yes&quot;}\">\n\t\t\t\t<div class=\"elementor-shape elementor-shape-top\" aria-hidden=\"true\" data-negative=\"false\">\n\t\t\t<svg xmlns=\"http:\/\/www.w3.org\/2000\/svg\" viewBox=\"0 0 1000 100\" preserveAspectRatio=\"none\">\n\t<path class=\"elementor-shape-fill\" opacity=\"0.33\" d=\"M473,67.3c-203.9,88.3-263.1-34-320.3,0C66,119.1,0,59.7,0,59.7V0h1000v59.7 c0,0-62.1,26.1-94.9,29.3c-32.8,3.3-62.8-12.3-75.8-22.1C806,49.6,745.3,8.7,694.9,4.7S492.4,59,473,67.3z\"\/>\n\t<path class=\"elementor-shape-fill\" opacity=\"0.66\" d=\"M734,67.3c-45.5,0-77.2-23.2-129.1-39.1c-28.6-8.7-150.3-10.1-254,39.1 s-91.7-34.4-149.2,0C115.7,118.3,0,39.8,0,39.8V0h1000v36.5c0,0-28.2-18.5-92.1-18.5C810.2,18.1,775.7,67.3,734,67.3z\"\/>\n\t<path class=\"elementor-shape-fill\" d=\"M766.1,28.9c-200-57.5-266,65.5-395.1,19.5C242,1.8,242,5.4,184.8,20.6C128,35.8,132.3,44.9,89.9,52.5C28.6,63.7,0,0,0,0 h1000c0,0-9.9,40.9-83.6,48.1S829.6,47,766.1,28.9z\"\/>\n<\/svg>\t\t<\/div>\n\t\t\t\t<div class=\"elementor-shape elementor-shape-bottom\" aria-hidden=\"true\" data-negative=\"false\">\n\t\t\t<svg xmlns=\"http:\/\/www.w3.org\/2000\/svg\" viewBox=\"0 0 1000 100\" preserveAspectRatio=\"none\">\n\t<path class=\"elementor-shape-fill\" opacity=\"0.33\" d=\"M473,67.3c-203.9,88.3-263.1-34-320.3,0C66,119.1,0,59.7,0,59.7V0h1000v59.7 c0,0-62.1,26.1-94.9,29.3c-32.8,3.3-62.8-12.3-75.8-22.1C806,49.6,745.3,8.7,694.9,4.7S492.4,59,473,67.3z\"\/>\n\t<path class=\"elementor-shape-fill\" opacity=\"0.66\" d=\"M734,67.3c-45.5,0-77.2-23.2-129.1-39.1c-28.6-8.7-150.3-10.1-254,39.1 s-91.7-34.4-149.2,0C115.7,118.3,0,39.8,0,39.8V0h1000v36.5c0,0-28.2-18.5-92.1-18.5C810.2,18.1,775.7,67.3,734,67.3z\"\/>\n\t<path class=\"elementor-shape-fill\" d=\"M766.1,28.9c-200-57.5-266,65.5-395.1,19.5C242,1.8,242,5.4,184.8,20.6C128,35.8,132.3,44.9,89.9,52.5C28.6,63.7,0,0,0,0 h1000c0,0-9.9,40.9-83.6,48.1S829.6,47,766.1,28.9z\"\/>\n<\/svg>\t\t<\/div>\n\t\t<div class=\"elementor-element elementor-element-6f53229b e-flex e-con-boxed e-con e-child\" data-id=\"6f53229b\" data-element_type=\"container\" data-e-type=\"container\" data-settings=\"{&quot;background_background&quot;:&quot;gradient&quot;,&quot;ekit_has_onepagescroll_dot&quot;:&quot;yes&quot;}\">\n\t\t\t\t\t<div class=\"e-con-inner\">\n\t\t\t\t<div class=\"elementor-element elementor-element-5e017e19 elementor-widget-tablet__width-inherit elementor-widget elementor-widget-the7-heading\" data-id=\"5e017e19\" data-element_type=\"widget\" data-e-type=\"widget\" data-settings=\"{&quot;ekit_we_effect_on&quot;:&quot;none&quot;}\" data-widget_type=\"the7-heading.default\">\n\t\t\t\t<div class=\"elementor-widget-container\">\n\t\t\t\t\t<div class=\"the7-heading-title elementor-size-default\">Le confort commence ici<\/div>\t\t\t\t<\/div>\n\t\t\t\t<\/div>\n\t\t\t\t<div class=\"elementor-element elementor-element-44c0e022 elementor-widget-tablet__width-inherit elementor-widget elementor-widget-the7-heading\" data-id=\"44c0e022\" data-element_type=\"widget\" data-e-type=\"widget\" data-settings=\"{&quot;ekit_we_effect_on&quot;:&quot;none&quot;}\" data-widget_type=\"the7-heading.default\">\n\t\t\t\t<div class=\"elementor-widget-container\">\n\t\t\t\t\t<div class=\"the7-heading-title elementor-size-default\">Des experts en diffusion d'air \u00e0 votre service.<br> D\u00e9couvrez les solutions Klimagiel pour votre environnement id\u00e9al<\/div>\t\t\t\t<\/div>\n\t\t\t\t<\/div>\n\t\t<div class=\"elementor-element elementor-element-31de5572 e-flex e-con-boxed e-con e-child\" data-id=\"31de5572\" data-element_type=\"container\" data-e-type=\"container\" data-settings=\"{&quot;ekit_has_onepagescroll_dot&quot;:&quot;yes&quot;}\">\n\t\t\t\t\t<div class=\"e-con-inner\">\n\t\t\t\t<div class=\"elementor-element elementor-element-7b7312a8 elementor-align-justify elementor-widget__width-inherit elementor-widget elementor-widget-the7_button_widget\" data-id=\"7b7312a8\" data-element_type=\"widget\" data-e-type=\"widget\" data-settings=\"{&quot;ekit_we_effect_on&quot;:&quot;none&quot;}\" data-widget_type=\"the7_button_widget.default\">\n\t\t\t\t<div class=\"elementor-widget-container\">\n\t\t\t\t\t<div class=\"elementor-button-wrapper\"><a href=\"https:\/\/www.klimagiel.it\/contact\/\" class=\"box-button elementor-button elementor-size-xl\">Demander un conseil<\/a><\/div>\t\t\t\t<\/div>\n\t\t\t\t<\/div>\n\t\t\t\t<div class=\"elementor-element elementor-element-6ce7100f elementor-align-justify elementor-widget__width-inherit elementor-widget elementor-widget-the7_button_widget\" data-id=\"6ce7100f\" data-element_type=\"widget\" data-e-type=\"widget\" data-settings=\"{&quot;ekit_we_effect_on&quot;:&quot;none&quot;}\" data-widget_type=\"the7_button_widget.default\">\n\t\t\t\t<div class=\"elementor-widget-container\">\n\t\t\t\t\t<div class=\"elementor-button-wrapper\"><a href=\"https:\/\/www.klimagiel.it\/contact\/\" class=\"box-button elementor-button elementor-size-xl\">Devis gratuit<\/a><\/div>\t\t\t\t<\/div>\n\t\t\t\t<\/div>\n\t\t\t\t\t<\/div>\n\t\t\t\t<\/div>\n\t\t\t\t\t<\/div>\n\t\t\t\t<\/div>\n\t\t\t\t<\/div>\n\t\t\t\t<\/div>\n\t\t","protected":false},"excerpt":{"rendered":"<p>Calculez la taille des diffuseurs Entrez les donn\u00e9es pour obtenir les informations correspondantes. Le confort commence ici Des experts en diffusion d&rsquo;air \u00e0 votre service. D\u00e9couvrez les solutions Klimagiel pour votre environnement id\u00e9al Demander un conseil Devis gratuit<\/p>\n","protected":false},"author":5,"featured_media":0,"parent":48622,"menu_order":0,"comment_status":"closed","ping_status":"closed","template":"","meta":{"footnotes":""},"wf_page_folders":[225],"class_list":["post-48153","page","type-page","status-publish","hentry"],"_links":{"self":[{"href":"https:\/\/www.klimagiel.it\/fr\/wp-json\/wp\/v2\/pages\/48153","targetHints":{"allow":["GET"]}}],"collection":[{"href":"https:\/\/www.klimagiel.it\/fr\/wp-json\/wp\/v2\/pages"}],"about":[{"href":"https:\/\/www.klimagiel.it\/fr\/wp-json\/wp\/v2\/types\/page"}],"author":[{"embeddable":true,"href":"https:\/\/www.klimagiel.it\/fr\/wp-json\/wp\/v2\/users\/5"}],"replies":[{"embeddable":true,"href":"https:\/\/www.klimagiel.it\/fr\/wp-json\/wp\/v2\/comments?post=48153"}],"version-history":[{"count":12,"href":"https:\/\/www.klimagiel.it\/fr\/wp-json\/wp\/v2\/pages\/48153\/revisions"}],"predecessor-version":[{"id":50250,"href":"https:\/\/www.klimagiel.it\/fr\/wp-json\/wp\/v2\/pages\/48153\/revisions\/50250"}],"up":[{"embeddable":true,"href":"https:\/\/www.klimagiel.it\/fr\/wp-json\/wp\/v2\/pages\/48622"}],"wp:attachment":[{"href":"https:\/\/www.klimagiel.it\/fr\/wp-json\/wp\/v2\/media?parent=48153"}],"wp:term":[{"taxonomy":"wf_page_folders","embeddable":true,"href":"https:\/\/www.klimagiel.it\/fr\/wp-json\/wp\/v2\/wf_page_folders?post=48153"}],"curies":[{"name":"wp","href":"https:\/\/api.w.org\/{rel}","templated":true}]}}