{"id":49536,"date":"2025-03-05T10:06:31","date_gmt":"2025-03-05T10:06:31","guid":{"rendered":"https:\/\/www.klimagiel.it\/serigrafiado-tex-jet\/"},"modified":"2026-01-20T15:57:32","modified_gmt":"2026-01-20T15:57:32","slug":"serigrafiado-tex-jet","status":"publish","type":"page","link":"https:\/\/www.klimagiel.it\/es\/productos-klimagiel\/canales-textiles-tex-jet\/serigrafiado-tex-jet\/","title":{"rendered":"Serigrafiado TEX Jet"},"content":{"rendered":"\t\t<div data-elementor-type=\"wp-page\" data-elementor-id=\"49536\" class=\"elementor elementor-49536 elementor-40917\" data-elementor-post-type=\"page\">\n\t\t\t\t<div class=\"elementor-element elementor-element-058698f e-flex e-con-boxed e-con e-child\" data-id=\"058698f\" data-element_type=\"container\" data-e-type=\"container\" data-settings=\"{&quot;ekit_has_onepagescroll_dot&quot;:&quot;yes&quot;}\">\n\t\t\t\t\t<div class=\"e-con-inner\">\n\t\t\t\t<div class=\"elementor-element elementor-element-eb9cd97 elementor-widget elementor-widget-spacer\" data-id=\"eb9cd97\" data-element_type=\"widget\" data-e-type=\"widget\" data-settings=\"{&quot;ekit_we_effect_on&quot;:&quot;none&quot;}\" data-widget_type=\"spacer.default\">\n\t\t\t\t<div class=\"elementor-widget-container\">\n\t\t\t\t\t\t\t<div class=\"elementor-spacer\">\n\t\t\t<div class=\"elementor-spacer-inner\"><\/div>\n\t\t<\/div>\n\t\t\t\t\t\t<\/div>\n\t\t\t\t<\/div>\n\t\t\t\t<div class=\"elementor-element elementor-element-6148e54 elementor-widget-tablet__width-inherit elementor-widget elementor-widget-text-editor\" data-id=\"6148e54\" data-element_type=\"widget\" data-e-type=\"widget\" data-settings=\"{&quot;ekit_we_effect_on&quot;:&quot;none&quot;}\" data-widget_type=\"text-editor.default\">\n\t\t\t\t<div class=\"elementor-widget-container\">\n\t\t\t\t\t\t\t\t\t<div class=\"\"><div class=\"mt-md md:mt-lg mb-3 md:mb-6\"><div class=\"group\/title relative\"><div class=\"group\/query relative whitespace-pre-line break-words [word-break:break-word] font-[475] dark:font-[450] default font-display text-3xl font-regular text-textMain dark:text-textMainDark selection:bg-super\/50 selection:text-textMain dark:selection:bg-superDuper\/10 dark:selection:text-superDark\"><div class=\"mb-md\"><div class=\"relative default font-sans text-base text-textMain dark:text-textMainDark selection:bg-super\/50 selection:text-textMain dark:selection:bg-superDuper\/10 dark:selection:text-superDark\"><div class=\"min-w-0 break-words [word-break:break-word]\"><div id=\"markdown-content-5\" dir=\"auto\"><div class=\"prose text-pretty dark:prose-invert inline leading-normal break-words min-w-0 [word-break:break-word]\"><div class=\"group\/query relative whitespace-pre-line text-pretty break-words [word-break:break-word] max-h-[10lh] default font-display text-2xl md:text-3xl font-[475] dark:font-[450] text-textMain dark:text-textMainDark selection:bg-super\/50 selection:text-textMain dark:selection:bg-superDuper\/10 dark:selection:text-superDark\">Serigrafiado TEX jet<\/div><\/div><\/div><\/div><\/div><\/div><\/div><\/div><\/div><\/div>\t\t\t\t\t\t\t\t<\/div>\n\t\t\t\t<\/div>\n\t\t\t\t<div class=\"elementor-element elementor-element-4221464 elementor-widget-tablet__width-inherit elementor-widget__width-initial elementor-widget elementor-widget-text-editor\" data-id=\"4221464\" data-element_type=\"widget\" data-e-type=\"widget\" data-settings=\"{&quot;ekit_we_effect_on&quot;:&quot;none&quot;}\" data-widget_type=\"text-editor.default\">\n\t\t\t\t<div class=\"elementor-widget-container\">\n\t\t\t\t\t\t\t\t\t<p>Para responder a las tendencias est\u00e9ticas del mercado, KLIMAGIEL ofrece el servicio de canales de tejido completamente personalizados.<\/p><p>Bajo pedido, KLIMAGIEL realiza los proyectos TEX jet con el logotipo de la empresa, color a elecci\u00f3n, im\u00e1genes, motivos gr\u00e1ficos o textos.<\/p><p>Para poder proceder a la realizaci\u00f3n, es necesario un archivo gr\u00e1fico con el trazado del canal en formato pdf de alta resoluci\u00f3n.<\/p>\t\t\t\t\t\t\t\t<\/div>\n\t\t\t\t<\/div>\n\t\t<div class=\"elementor-element elementor-element-bf62d69 e-con-full e-grid e-con e-child\" data-id=\"bf62d69\" data-element_type=\"container\" data-e-type=\"container\" data-settings=\"{&quot;ekit_has_onepagescroll_dot&quot;:&quot;yes&quot;}\">\n\t\t\t\t<div class=\"elementor-element elementor-element-d663425 elementor-icon-list--layout-traditional elementor-list-item-link-full_width elementor-widget elementor-widget-icon-list\" data-id=\"d663425\" data-element_type=\"widget\" data-e-type=\"widget\" data-settings=\"{&quot;ekit_we_effect_on&quot;:&quot;none&quot;}\" data-widget_type=\"icon-list.default\">\n\t\t\t\t<div class=\"elementor-widget-container\">\n\t\t\t\t\t\t\t<ul class=\"elementor-icon-list-items\">\n\t\t\t\t\t\t\t<li class=\"elementor-icon-list-item\">\n\t\t\t\t\t\t\t\t\t\t\t<span class=\"elementor-icon-list-icon\">\n\t\t\t\t\t\t\t<i aria-hidden=\"true\" class=\"icon icon-crop\"><\/i>\t\t\t\t\t\t<\/span>\n\t\t\t\t\t\t\t\t\t\t<span class=\"elementor-icon-list-text\">Tecnolog\u00eda de impresi\u00f3n innovadora<\/span>\n\t\t\t\t\t\t\t\t\t<\/li>\n\t\t\t\t\t\t\t\t<li class=\"elementor-icon-list-item\">\n\t\t\t\t\t\t\t\t\t\t\t<span class=\"elementor-icon-list-icon\">\n\t\t\t\t\t\t\t<i aria-hidden=\"true\" class=\"icon icon-pencil\"><\/i>\t\t\t\t\t\t<\/span>\n\t\t\t\t\t\t\t\t\t\t<span class=\"elementor-icon-list-text\">Personalizaci\u00f3n completa<\/span>\n\t\t\t\t\t\t\t\t\t<\/li>\n\t\t\t\t\t\t\t\t<li class=\"elementor-icon-list-item\">\n\t\t\t\t\t\t\t\t\t\t\t<span class=\"elementor-icon-list-icon\">\n\t\t\t\t\t\t\t<i aria-hidden=\"true\" class=\"icon icon-clock11\"><\/i>\t\t\t\t\t\t<\/span>\n\t\t\t\t\t\t\t\t\t\t<span class=\"elementor-icon-list-text\">Duraci\u00f3n en el tiempo<\/span>\n\t\t\t\t\t\t\t\t\t<\/li>\n\t\t\t\t\t\t<\/ul>\n\t\t\t\t\t\t<\/div>\n\t\t\t\t<\/div>\n\t\t\t\t<div class=\"elementor-element elementor-element-8c029fb elementor-icon-list--layout-traditional elementor-list-item-link-full_width elementor-widget elementor-widget-icon-list\" data-id=\"8c029fb\" data-element_type=\"widget\" data-e-type=\"widget\" data-settings=\"{&quot;ekit_we_effect_on&quot;:&quot;none&quot;}\" data-widget_type=\"icon-list.default\">\n\t\t\t\t<div class=\"elementor-widget-container\">\n\t\t\t\t\t\t\t<ul class=\"elementor-icon-list-items\">\n\t\t\t\t\t\t\t<li class=\"elementor-icon-list-item\">\n\t\t\t\t\t\t\t\t\t\t\t<span class=\"elementor-icon-list-icon\">\n\t\t\t\t\t\t\t<i aria-hidden=\"true\" class=\"icon icon-frame-expand\"><\/i>\t\t\t\t\t\t<\/span>\n\t\t\t\t\t\t\t\t\t\t<span class=\"elementor-icon-list-text\">Adaptabilidad<\/span>\n\t\t\t\t\t\t\t\t\t<\/li>\n\t\t\t\t\t\t\t\t<li class=\"elementor-icon-list-item\">\n\t\t\t\t\t\t\t\t\t\t\t<span class=\"elementor-icon-list-icon\">\n\t\t\t\t\t\t\t<svg aria-hidden=\"true\" class=\"e-font-icon-svg e-far-address-card\" viewBox=\"0 0 576 512\" xmlns=\"http:\/\/www.w3.org\/2000\/svg\"><path d=\"M528 32H48C21.5 32 0 53.5 0 80v352c0 26.5 21.5 48 48 48h480c26.5 0 48-21.5 48-48V80c0-26.5-21.5-48-48-48zm0 400H48V80h480v352zM208 256c35.3 0 64-28.7 64-64s-28.7-64-64-64-64 28.7-64 64 28.7 64 64 64zm-89.6 128h179.2c12.4 0 22.4-8.6 22.4-19.2v-19.2c0-31.8-30.1-57.6-67.2-57.6-10.8 0-18.7 8-44.8 8-26.9 0-33.4-8-44.8-8-37.1 0-67.2 25.8-67.2 57.6v19.2c0 10.6 10 19.2 22.4 19.2zM360 320h112c4.4 0 8-3.6 8-8v-16c0-4.4-3.6-8-8-8H360c-4.4 0-8 3.6-8 8v16c0 4.4 3.6 8 8 8zm0-64h112c4.4 0 8-3.6 8-8v-16c0-4.4-3.6-8-8-8H360c-4.4 0-8 3.6-8 8v16c0 4.4 3.6 8 8 8zm0-64h112c4.4 0 8-3.6 8-8v-16c0-4.4-3.6-8-8-8H360c-4.4 0-8 3.6-8 8v16c0 4.4 3.6 8 8 8z\"><\/path><\/svg>\t\t\t\t\t\t<\/span>\n\t\t\t\t\t\t\t\t\t\t<span class=\"elementor-icon-list-text\">Logotipos y textos corporativos en dise\u00f1o<\/span>\n\t\t\t\t\t\t\t\t\t<\/li>\n\t\t\t\t\t\t\t\t<li class=\"elementor-icon-list-item\">\n\t\t\t\t\t\t\t\t\t\t\t<span class=\"elementor-icon-list-icon\">\n\t\t\t\t\t\t\t<svg aria-hidden=\"true\" class=\"e-font-icon-svg e-fas-feather-alt\" viewBox=\"0 0 512 512\" xmlns=\"http:\/\/www.w3.org\/2000\/svg\"><path d=\"M512 0C460.22 3.56 96.44 38.2 71.01 287.61c-3.09 26.66-4.84 53.44-5.99 80.24l178.87-178.69c6.25-6.25 16.4-6.25 22.65 0s6.25 16.38 0 22.63L7.04 471.03c-9.38 9.37-9.38 24.57 0 33.94 9.38 9.37 24.59 9.37 33.98 0l57.13-57.07c42.09-.14 84.15-2.53 125.96-7.36 53.48-5.44 97.02-26.47 132.58-56.54H255.74l146.79-48.88c11.25-14.89 21.37-30.71 30.45-47.12h-81.14l106.54-53.21C500.29 132.86 510.19 26.26 512 0z\"><\/path><\/svg>\t\t\t\t\t\t<\/span>\n\t\t\t\t\t\t\t\t\t\t<span class=\"elementor-icon-list-text\">Sostenibilidad e innovaci\u00f3n<\/span>\n\t\t\t\t\t\t\t\t\t<\/li>\n\t\t\t\t\t\t<\/ul>\n\t\t\t\t\t\t<\/div>\n\t\t\t\t<\/div>\n\t\t\t\t<\/div>\n\t\t\t\t\t<\/div>\n\t\t\t\t<\/div>\n\t\t<div class=\"elementor-element elementor-element-348fea0 e-con-full e-flex e-con e-parent\" data-id=\"348fea0\" data-element_type=\"container\" data-e-type=\"container\" data-settings=\"{&quot;ekit_has_onepagescroll_dot&quot;:&quot;yes&quot;}\">\n\t\t\t\t<div class=\"elementor-element elementor-element-9bc7bcf elementor-widget elementor-widget-spacer\" data-id=\"9bc7bcf\" data-element_type=\"widget\" data-e-type=\"widget\" data-settings=\"{&quot;ekit_we_effect_on&quot;:&quot;none&quot;}\" data-widget_type=\"spacer.default\">\n\t\t\t\t<div class=\"elementor-widget-container\">\n\t\t\t\t\t\t\t<div class=\"elementor-spacer\">\n\t\t\t<div class=\"elementor-spacer-inner\"><\/div>\n\t\t<\/div>\n\t\t\t\t\t\t<\/div>\n\t\t\t\t<\/div>\n\t\t\t\t<div class=\"elementor-element elementor-element-5a49684 preserve-img-ratio-cover elementor-widget elementor-widget-the7-image-ticker-widget\" data-id=\"5a49684\" data-element_type=\"widget\" data-e-type=\"widget\" data-settings=\"{&quot;ticker_transition_speed&quot;:30,&quot;ekit_we_effect_on&quot;:&quot;none&quot;}\" data-widget_type=\"the7-image-ticker-widget.default\">\n\t\t\t\t<div class=\"elementor-widget-container\">\n\t\t\t\t\t<div class=\"the7-ticker\"><div class=\"the7-ticker-content\"><div class=\"the7-image-wrapper post-thumbnail-rollover layzr-bg img-css-resize-wrapper\"><img fetchpriority=\"high\" decoding=\"async\" width=\"848\" height=\"480\" src=\"data:image\/svg+xml,%3Csvg%20xmlns%3D&#039;http%3A%2F%2Fwww.w3.org%2F2000%2Fsvg&#039;%20viewBox%3D&#039;0%200%201%201&#039;%2F%3E\" class=\"attachment- size- preload-me aspect lazy lazy-load\" alt=\"\" sizes=\"(max-width: 848px) 100vw, 848px\" data-src=\"https:\/\/www.klimagiel.it\/wp-content\/uploads\/2025\/08\/vlcsnap-2025-08-12-09h18m11s193.png\" loading=\"eager\" data-srcset=\"https:\/\/www.klimagiel.it\/wp-content\/uploads\/2025\/08\/vlcsnap-2025-08-12-09h18m11s193.png 848w, https:\/\/www.klimagiel.it\/wp-content\/uploads\/2025\/08\/vlcsnap-2025-08-12-09h18m11s193-300x170.png 300w, https:\/\/www.klimagiel.it\/wp-content\/uploads\/2025\/08\/vlcsnap-2025-08-12-09h18m11s193-768x435.png 768w\" \/><\/div><div class=\"the7-image-wrapper post-thumbnail-rollover layzr-bg img-css-resize-wrapper\"><img decoding=\"async\" width=\"2560\" height=\"1152\" src=\"data:image\/svg+xml,%3Csvg%20xmlns%3D&#039;http%3A%2F%2Fwww.w3.org%2F2000%2Fsvg&#039;%20viewBox%3D&#039;0%200%201%201&#039;%2F%3E\" class=\"attachment- size- preload-me aspect lazy lazy-load\" alt=\"\" sizes=\"(max-width: 2560px) 100vw, 2560px\" data-src=\"https:\/\/www.klimagiel.it\/wp-content\/uploads\/2025\/03\/1665745836456-scaled.jpg\" loading=\"eager\" data-srcset=\"https:\/\/www.klimagiel.it\/wp-content\/uploads\/2025\/03\/1665745836456-scaled.jpg 2560w, https:\/\/www.klimagiel.it\/wp-content\/uploads\/2025\/03\/1665745836456-300x135.jpg 300w, https:\/\/www.klimagiel.it\/wp-content\/uploads\/2025\/03\/1665745836456-1024x461.jpg 1024w, https:\/\/www.klimagiel.it\/wp-content\/uploads\/2025\/03\/1665745836456-768x346.jpg 768w, https:\/\/www.klimagiel.it\/wp-content\/uploads\/2025\/03\/1665745836456-1536x691.jpg 1536w, https:\/\/www.klimagiel.it\/wp-content\/uploads\/2025\/03\/1665745836456-2048x922.jpg 2048w, https:\/\/www.klimagiel.it\/wp-content\/uploads\/2025\/03\/1665745836456-1000x450.jpg 1000w\" \/><\/div><div class=\"the7-image-wrapper post-thumbnail-rollover layzr-bg img-css-resize-wrapper\"><img decoding=\"async\" width=\"1152\" height=\"2560\" src=\"data:image\/svg+xml,%3Csvg%20xmlns%3D&#039;http%3A%2F%2Fwww.w3.org%2F2000%2Fsvg&#039;%20viewBox%3D&#039;0%200%201%201&#039;%2F%3E\" class=\"attachment- size- preload-me aspect lazy lazy-load\" alt=\"\" sizes=\"(max-width: 1152px) 100vw, 1152px\" data-src=\"https:\/\/www.klimagiel.it\/wp-content\/uploads\/2025\/03\/1665745836517-scaled.jpg\" loading=\"eager\" data-srcset=\"https:\/\/www.klimagiel.it\/wp-content\/uploads\/2025\/03\/1665745836517-scaled.jpg 1152w, https:\/\/www.klimagiel.it\/wp-content\/uploads\/2025\/03\/1665745836517-135x300.jpg 135w, https:\/\/www.klimagiel.it\/wp-content\/uploads\/2025\/03\/1665745836517-461x1024.jpg 461w, https:\/\/www.klimagiel.it\/wp-content\/uploads\/2025\/03\/1665745836517-768x1707.jpg 768w, https:\/\/www.klimagiel.it\/wp-content\/uploads\/2025\/03\/1665745836517-691x1536.jpg 691w, https:\/\/www.klimagiel.it\/wp-content\/uploads\/2025\/03\/1665745836517-922x2048.jpg 922w, https:\/\/www.klimagiel.it\/wp-content\/uploads\/2025\/03\/1665745836517-1000x2222.jpg 1000w\" \/><\/div><div class=\"the7-image-wrapper post-thumbnail-rollover layzr-bg img-css-resize-wrapper\"><img decoding=\"async\" width=\"2560\" height=\"1155\" src=\"data:image\/svg+xml,%3Csvg%20xmlns%3D&#039;http%3A%2F%2Fwww.w3.org%2F2000%2Fsvg&#039;%20viewBox%3D&#039;0%200%201%201&#039;%2F%3E\" class=\"attachment- size- preload-me aspect lazy lazy-load\" alt=\"\" sizes=\"(max-width: 2560px) 100vw, 2560px\" data-src=\"https:\/\/www.klimagiel.it\/wp-content\/uploads\/2025\/03\/1665745836369-scaled.jpg\" loading=\"eager\" data-srcset=\"https:\/\/www.klimagiel.it\/wp-content\/uploads\/2025\/03\/1665745836369-scaled.jpg 2560w, https:\/\/www.klimagiel.it\/wp-content\/uploads\/2025\/03\/1665745836369-300x135.jpg 300w, https:\/\/www.klimagiel.it\/wp-content\/uploads\/2025\/03\/1665745836369-1024x462.jpg 1024w, https:\/\/www.klimagiel.it\/wp-content\/uploads\/2025\/03\/1665745836369-768x346.jpg 768w, https:\/\/www.klimagiel.it\/wp-content\/uploads\/2025\/03\/1665745836369-1536x693.jpg 1536w, https:\/\/www.klimagiel.it\/wp-content\/uploads\/2025\/03\/1665745836369-2048x924.jpg 2048w, https:\/\/www.klimagiel.it\/wp-content\/uploads\/2025\/03\/1665745836369-1000x451.jpg 1000w\" \/><\/div><\/div><\/div>\t\t\t\t<\/div>\n\t\t\t\t<\/div>\n\t\t\t\t<\/div>\n\t\t<div class=\"elementor-element elementor-element-355fb93 e-flex e-con-boxed e-con e-parent\" data-id=\"355fb93\" data-element_type=\"container\" data-e-type=\"container\" data-settings=\"{&quot;ekit_has_onepagescroll_dot&quot;:&quot;yes&quot;}\">\n\t\t\t\t\t<div class=\"e-con-inner\">\n\t\t\t\t<div class=\"elementor-element elementor-element-1f95e5c elementor-widget elementor-widget-spacer\" data-id=\"1f95e5c\" data-element_type=\"widget\" data-e-type=\"widget\" data-settings=\"{&quot;ekit_we_effect_on&quot;:&quot;none&quot;}\" data-widget_type=\"spacer.default\">\n\t\t\t\t<div class=\"elementor-widget-container\">\n\t\t\t\t\t\t\t<div class=\"elementor-spacer\">\n\t\t\t<div class=\"elementor-spacer-inner\"><\/div>\n\t\t<\/div>\n\t\t\t\t\t\t<\/div>\n\t\t\t\t<\/div>\n\t\t\t\t<div class=\"elementor-element elementor-element-11190b2 elementor-widget-tablet__width-inherit elementor-widget__width-initial elementor-widget elementor-widget-text-editor\" data-id=\"11190b2\" data-element_type=\"widget\" data-e-type=\"widget\" data-settings=\"{&quot;ekit_we_effect_on&quot;:&quot;none&quot;}\" data-widget_type=\"text-editor.default\">\n\t\t\t\t<div class=\"elementor-widget-container\">\n\t\t\t\t\t\t\t\t\t<p>El serigrafiado TEX jet es la elecci\u00f3n ideal para quien busca una <strong>difusi\u00f3n eficiente<\/strong> que dialogue con la est\u00e9tica de los espacios. Klimagiel une ingenier\u00eda aera\u00falica y creatividad, ofreciendo soluciones de <strong>distribuci\u00f3n de aire avanzadas<\/strong> que superan las expectativas t\u00e9cnicas y visuales, redefiniendo el concepto de confort ambiental. <\/p>\t\t\t\t\t\t\t\t<\/div>\n\t\t\t\t<\/div>\n\t\t\t\t<div class=\"elementor-element elementor-element-0f5cb38 elementor-widget elementor-widget-spacer\" data-id=\"0f5cb38\" data-element_type=\"widget\" data-e-type=\"widget\" data-settings=\"{&quot;ekit_we_effect_on&quot;:&quot;none&quot;}\" data-widget_type=\"spacer.default\">\n\t\t\t\t<div class=\"elementor-widget-container\">\n\t\t\t\t\t\t\t<div class=\"elementor-spacer\">\n\t\t\t<div class=\"elementor-spacer-inner\"><\/div>\n\t\t<\/div>\n\t\t\t\t\t\t<\/div>\n\t\t\t\t<\/div>\n\t\t\t\t\t<\/div>\n\t\t\t\t<\/div>\n\t\t<div class=\"elementor-element elementor-element-c1e9b73 e-con-full e-flex e-con e-child\" data-id=\"c1e9b73\" data-element_type=\"container\" data-e-type=\"container\" data-settings=\"{&quot;background_background&quot;:&quot;classic&quot;,&quot;shape_divider_top&quot;:&quot;mountains&quot;,&quot;shape_divider_bottom&quot;:&quot;mountains&quot;,&quot;ekit_has_onepagescroll_dot&quot;:&quot;yes&quot;}\">\n\t\t\t\t<div class=\"elementor-shape elementor-shape-top\" aria-hidden=\"true\" data-negative=\"false\">\n\t\t\t<svg xmlns=\"http:\/\/www.w3.org\/2000\/svg\" viewBox=\"0 0 1000 100\" preserveAspectRatio=\"none\">\n\t<path class=\"elementor-shape-fill\" opacity=\"0.33\" d=\"M473,67.3c-203.9,88.3-263.1-34-320.3,0C66,119.1,0,59.7,0,59.7V0h1000v59.7 c0,0-62.1,26.1-94.9,29.3c-32.8,3.3-62.8-12.3-75.8-22.1C806,49.6,745.3,8.7,694.9,4.7S492.4,59,473,67.3z\"\/>\n\t<path class=\"elementor-shape-fill\" opacity=\"0.66\" d=\"M734,67.3c-45.5,0-77.2-23.2-129.1-39.1c-28.6-8.7-150.3-10.1-254,39.1 s-91.7-34.4-149.2,0C115.7,118.3,0,39.8,0,39.8V0h1000v36.5c0,0-28.2-18.5-92.1-18.5C810.2,18.1,775.7,67.3,734,67.3z\"\/>\n\t<path class=\"elementor-shape-fill\" d=\"M766.1,28.9c-200-57.5-266,65.5-395.1,19.5C242,1.8,242,5.4,184.8,20.6C128,35.8,132.3,44.9,89.9,52.5C28.6,63.7,0,0,0,0 h1000c0,0-9.9,40.9-83.6,48.1S829.6,47,766.1,28.9z\"\/>\n<\/svg>\t\t<\/div>\n\t\t\t\t<div class=\"elementor-shape elementor-shape-bottom\" aria-hidden=\"true\" data-negative=\"false\">\n\t\t\t<svg xmlns=\"http:\/\/www.w3.org\/2000\/svg\" viewBox=\"0 0 1000 100\" preserveAspectRatio=\"none\">\n\t<path class=\"elementor-shape-fill\" opacity=\"0.33\" d=\"M473,67.3c-203.9,88.3-263.1-34-320.3,0C66,119.1,0,59.7,0,59.7V0h1000v59.7 c0,0-62.1,26.1-94.9,29.3c-32.8,3.3-62.8-12.3-75.8-22.1C806,49.6,745.3,8.7,694.9,4.7S492.4,59,473,67.3z\"\/>\n\t<path class=\"elementor-shape-fill\" opacity=\"0.66\" d=\"M734,67.3c-45.5,0-77.2-23.2-129.1-39.1c-28.6-8.7-150.3-10.1-254,39.1 s-91.7-34.4-149.2,0C115.7,118.3,0,39.8,0,39.8V0h1000v36.5c0,0-28.2-18.5-92.1-18.5C810.2,18.1,775.7,67.3,734,67.3z\"\/>\n\t<path class=\"elementor-shape-fill\" d=\"M766.1,28.9c-200-57.5-266,65.5-395.1,19.5C242,1.8,242,5.4,184.8,20.6C128,35.8,132.3,44.9,89.9,52.5C28.6,63.7,0,0,0,0 h1000c0,0-9.9,40.9-83.6,48.1S829.6,47,766.1,28.9z\"\/>\n<\/svg>\t\t<\/div>\n\t\t<div class=\"elementor-element elementor-element-527cde4 e-flex e-con-boxed e-con e-child\" data-id=\"527cde4\" data-element_type=\"container\" data-e-type=\"container\" data-settings=\"{&quot;background_background&quot;:&quot;gradient&quot;,&quot;ekit_has_onepagescroll_dot&quot;:&quot;yes&quot;}\">\n\t\t\t\t\t<div class=\"e-con-inner\">\n\t\t\t\t<div class=\"elementor-element elementor-element-30e8790 elementor-widget-tablet__width-inherit elementor-widget elementor-widget-the7-heading\" data-id=\"30e8790\" data-element_type=\"widget\" data-e-type=\"widget\" data-settings=\"{&quot;ekit_we_effect_on&quot;:&quot;none&quot;}\" data-widget_type=\"the7-heading.default\">\n\t\t\t\t<div class=\"elementor-widget-container\">\n\t\t\t\t\t<div class=\"the7-heading-title elementor-size-default\">El confort empieza aqu\u00ed<\/div>\t\t\t\t<\/div>\n\t\t\t\t<\/div>\n\t\t\t\t<div class=\"elementor-element elementor-element-1b3bd4f elementor-widget-tablet__width-inherit elementor-widget elementor-widget-the7-heading\" data-id=\"1b3bd4f\" data-element_type=\"widget\" data-e-type=\"widget\" data-settings=\"{&quot;ekit_we_effect_on&quot;:&quot;none&quot;}\" data-widget_type=\"the7-heading.default\">\n\t\t\t\t<div class=\"elementor-widget-container\">\n\t\t\t\t\t<div class=\"the7-heading-title elementor-size-default\">Expertos en difusi\u00f3n de aire a su servicio.<br> Descubra las soluciones Klimagiel para su ambiente ideal.<\/div>\t\t\t\t<\/div>\n\t\t\t\t<\/div>\n\t\t<div class=\"elementor-element elementor-element-6f6e57c e-flex e-con-boxed e-con e-child\" data-id=\"6f6e57c\" data-element_type=\"container\" data-e-type=\"container\" data-settings=\"{&quot;ekit_has_onepagescroll_dot&quot;:&quot;yes&quot;}\">\n\t\t\t\t\t<div class=\"e-con-inner\">\n\t\t\t\t<div class=\"elementor-element elementor-element-d1d263b elementor-align-justify elementor-widget__width-inherit elementor-widget elementor-widget-the7_button_widget\" data-id=\"d1d263b\" data-element_type=\"widget\" data-e-type=\"widget\" data-settings=\"{&quot;ekit_we_effect_on&quot;:&quot;none&quot;}\" data-widget_type=\"the7_button_widget.default\">\n\t\t\t\t<div class=\"elementor-widget-container\">\n\t\t\t\t\t<div class=\"elementor-button-wrapper\"><a href=\"https:\/\/www.klimagiel.it\/contact\/\" class=\"box-button elementor-button elementor-size-xl\">Solicitar asesoramiento<\/a><\/div>\t\t\t\t<\/div>\n\t\t\t\t<\/div>\n\t\t\t\t<div class=\"elementor-element elementor-element-48a105e elementor-align-justify elementor-widget__width-inherit elementor-widget elementor-widget-the7_button_widget\" data-id=\"48a105e\" data-element_type=\"widget\" data-e-type=\"widget\" data-settings=\"{&quot;ekit_we_effect_on&quot;:&quot;none&quot;}\" data-widget_type=\"the7_button_widget.default\">\n\t\t\t\t<div class=\"elementor-widget-container\">\n\t\t\t\t\t<div class=\"elementor-button-wrapper\"><a href=\"https:\/\/www.klimagiel.it\/contact\/\" class=\"box-button elementor-button elementor-size-xl\">Presupuesto gratuito<\/a><\/div>\t\t\t\t<\/div>\n\t\t\t\t<\/div>\n\t\t\t\t\t<\/div>\n\t\t\t\t<\/div>\n\t\t\t\t\t<\/div>\n\t\t\t\t<\/div>\n\t\t\t\t<\/div>\n\t\t\t\t<\/div>\n\t\t","protected":false},"excerpt":{"rendered":"<p>Serigrafiado TEX jet Para responder a las tendencias est\u00e9ticas del mercado, KLIMAGIEL ofrece el servicio de canales de tejido completamente personalizados. Bajo pedido, KLIMAGIEL realiza los proyectos TEX jet con el logotipo de la empresa, color a elecci\u00f3n, im\u00e1genes, motivos gr\u00e1ficos o textos. Para poder proceder a la realizaci\u00f3n, es necesario un archivo gr\u00e1fico con&hellip;<\/p>\n","protected":false},"author":5,"featured_media":0,"parent":49574,"menu_order":0,"comment_status":"closed","ping_status":"closed","template":"","meta":{"footnotes":""},"wf_page_folders":[222],"class_list":["post-49536","page","type-page","status-publish","hentry"],"_links":{"self":[{"href":"https:\/\/www.klimagiel.it\/es\/wp-json\/wp\/v2\/pages\/49536","targetHints":{"allow":["GET"]}}],"collection":[{"href":"https:\/\/www.klimagiel.it\/es\/wp-json\/wp\/v2\/pages"}],"about":[{"href":"https:\/\/www.klimagiel.it\/es\/wp-json\/wp\/v2\/types\/page"}],"author":[{"embeddable":true,"href":"https:\/\/www.klimagiel.it\/es\/wp-json\/wp\/v2\/users\/5"}],"replies":[{"embeddable":true,"href":"https:\/\/www.klimagiel.it\/es\/wp-json\/wp\/v2\/comments?post=49536"}],"version-history":[{"count":2,"href":"https:\/\/www.klimagiel.it\/es\/wp-json\/wp\/v2\/pages\/49536\/revisions"}],"predecessor-version":[{"id":50005,"href":"https:\/\/www.klimagiel.it\/es\/wp-json\/wp\/v2\/pages\/49536\/revisions\/50005"}],"up":[{"embeddable":true,"href":"https:\/\/www.klimagiel.it\/es\/wp-json\/wp\/v2\/pages\/49574"}],"wp:attachment":[{"href":"https:\/\/www.klimagiel.it\/es\/wp-json\/wp\/v2\/media?parent=49536"}],"wp:term":[{"taxonomy":"wf_page_folders","embeddable":true,"href":"https:\/\/www.klimagiel.it\/es\/wp-json\/wp\/v2\/wf_page_folders?post=49536"}],"curies":[{"name":"wp","href":"https:\/\/api.w.org\/{rel}","templated":true}]}}