{"id":48329,"date":"2025-07-27T13:13:59","date_gmt":"2025-07-27T13:13:59","guid":{"rendered":"https:\/\/www.klimagiel.it\/la-nostra-produzione\/"},"modified":"2026-01-23T10:48:37","modified_gmt":"2026-01-23T10:48:37","slug":"la-nostra-produzione","status":"publish","type":"page","link":"https:\/\/www.klimagiel.it\/es\/la-nostra-produzione\/","title":{"rendered":"Nuestra producci\u00f3n"},"content":{"rendered":"\t\t<div data-elementor-type=\"wp-page\" data-elementor-id=\"48329\" class=\"elementor elementor-48329 elementor-46122\" data-elementor-post-type=\"page\">\n\t\t\t\t<div class=\"elementor-element elementor-element-0e3f3ee e-flex e-con-boxed e-con e-parent\" data-id=\"0e3f3ee\" data-element_type=\"container\" data-e-type=\"container\" data-settings=\"{&quot;ekit_has_onepagescroll_dot&quot;:&quot;yes&quot;}\">\n\t\t\t\t\t<div class=\"e-con-inner\">\n\t\t\t\t<div class=\"elementor-element elementor-element-9971b97 elementor-widget elementor-widget-spacer\" data-id=\"9971b97\" data-element_type=\"widget\" data-e-type=\"widget\" data-settings=\"{&quot;ekit_we_effect_on&quot;:&quot;none&quot;}\" data-widget_type=\"spacer.default\">\n\t\t\t\t<div class=\"elementor-widget-container\">\n\t\t\t\t\t\t\t<div class=\"elementor-spacer\">\n\t\t\t<div class=\"elementor-spacer-inner\"><\/div>\n\t\t<\/div>\n\t\t\t\t\t\t<\/div>\n\t\t\t\t<\/div>\n\t\t\t\t<div class=\"elementor-element elementor-element-99b6cf9 elementor-widget elementor-widget-text-editor\" data-id=\"99b6cf9\" data-element_type=\"widget\" data-e-type=\"widget\" data-settings=\"{&quot;ekit_we_effect_on&quot;:&quot;none&quot;}\" data-widget_type=\"text-editor.default\">\n\t\t\t\t<div class=\"elementor-widget-container\">\n\t\t\t\t\t\t\t\t\t<p>Para responder con mayor eficiencia y calidad a las demandas del mercado, Klimagiel inaugur\u00f3 el 1 de enero de 2025 una nueva planta de producci\u00f3n dedicada \u00edntegramente a la fabricaci\u00f3n de canales textiles microperforados.<\/p>\t\t\t\t\t\t\t\t<\/div>\n\t\t\t\t<\/div>\n\t\t\t\t<div class=\"elementor-element elementor-element-c69cce9 elementor-widget-laptop__width-initial elementor-widget elementor-widget-image\" data-id=\"c69cce9\" data-element_type=\"widget\" data-e-type=\"widget\" data-settings=\"{&quot;ekit_we_effect_on&quot;:&quot;none&quot;}\" data-widget_type=\"image.default\">\n\t\t\t\t<div class=\"elementor-widget-container\">\n\t\t\t\t\t\t\t\t\t\t\t\t\t\t\t<img fetchpriority=\"high\" decoding=\"async\" width=\"1280\" height=\"577\" src=\"https:\/\/www.klimagiel.it\/wp-content\/uploads\/2025\/07\/produzione2.jpg\" class=\"attachment-full size-full wp-image-46287\" alt=\"\" srcset=\"https:\/\/www.klimagiel.it\/wp-content\/uploads\/2025\/07\/produzione2.jpg 1280w, https:\/\/www.klimagiel.it\/wp-content\/uploads\/2025\/07\/produzione2-300x135.jpg 300w, https:\/\/www.klimagiel.it\/wp-content\/uploads\/2025\/07\/produzione2-1024x462.jpg 1024w, https:\/\/www.klimagiel.it\/wp-content\/uploads\/2025\/07\/produzione2-768x346.jpg 768w\" sizes=\"(max-width: 1280px) 100vw, 1280px\" \/>\t\t\t\t\t\t\t\t\t\t\t\t\t\t\t<\/div>\n\t\t\t\t<\/div>\n\t\t\t\t<div class=\"elementor-element elementor-element-df33f58 elementor-widget elementor-widget-text-editor\" data-id=\"df33f58\" data-element_type=\"widget\" data-e-type=\"widget\" data-settings=\"{&quot;ekit_we_effect_on&quot;:&quot;none&quot;}\" data-widget_type=\"text-editor.default\">\n\t\t\t\t<div class=\"elementor-widget-container\">\n\t\t\t\t\t\t\t\t\t<p> Situada en Castel d&#8217;Azzano (Verona), la nueva planta representa una inversi\u00f3n estrat\u00e9gica para consolidar nuestro liderazgo en el sector de la distribuci\u00f3n de aire.<\/p><h3> <\/h3><h3 style=\"text-align: center;\"><b>Una planta moderna y vanguardista<\/b><\/h3><p>La nueva sede abarca un \u00e1rea de producci\u00f3n de 600 metros cuadrados y un almac\u00e9n log\u00edstico de 700 metros cuadrados. Se han organizado departamentos especializados de corte, perforaci\u00f3n l\u00e1ser, costura, control de calidad y log\u00edstica, todos ellos integrados en un flujo de producci\u00f3n optimizado. <\/p><p>Gracias al uso de maquinaria avanzada, como sistemas de corte y perforaci\u00f3n l\u00e1ser y m\u00e1quinas de coser industriales de \u00faltima generaci\u00f3n, podemos garantizar una capacidad de producci\u00f3n de m\u00e1s de 100.000 metros de tejido al a\u00f1o, con un tiempo de producci\u00f3n reducido en un 25% respecto a los est\u00e1ndares anteriores.<\/p><h3> <\/h3><h3> <\/h3><h3 style=\"text-align: center;\"><b>Materiales y procesos bajo control<\/b><\/h3><p>En nuestras instalaciones se procesan todos los tipos principales de tejidos Klimagiel, entre ellos:<\/p><ul><li aria-level=\"1\"><b>De primera calidad<\/b><\/li><li aria-level=\"1\"><b>Pluma<\/b><\/li><li aria-level=\"1\"><b>Fibra<\/b><\/li><li aria-level=\"1\"><b>Antiest\u00e1tico<\/b><\/li><li aria-level=\"1\"><b>Antibacteriano<\/b><\/li><li aria-level=\"1\"><b>Tela reciclada<\/b><\/li><\/ul><p>Cada etapa del proceso est\u00e1 supervisada por nuestra Oficina de Calidad, que realiza controles sistem\u00e1ticos tanto del tejido entrante como del producto terminado, asegurando siempre el cumplimiento de los est\u00e1ndares t\u00e9cnicos y est\u00e9ticos.<\/p><p>Adem\u00e1s, para garantizar la m\u00e1xima seguridad ambiental, el recinto ha sido equipado con un avanzado sistema de filtraci\u00f3n de aire en todo el per\u00edmetro, conforme con la normativa europea vigente en materia de emisiones industriales.<\/p>\t\t\t\t\t\t\t\t<\/div>\n\t\t\t\t<\/div>\n\t\t\t\t<div class=\"elementor-element elementor-element-2818a92 elementor-widget elementor-widget-spacer\" data-id=\"2818a92\" data-element_type=\"widget\" data-e-type=\"widget\" data-settings=\"{&quot;ekit_we_effect_on&quot;:&quot;none&quot;}\" data-widget_type=\"spacer.default\">\n\t\t\t\t<div class=\"elementor-widget-container\">\n\t\t\t\t\t\t\t<div class=\"elementor-spacer\">\n\t\t\t<div class=\"elementor-spacer-inner\"><\/div>\n\t\t<\/div>\n\t\t\t\t\t\t<\/div>\n\t\t\t\t<\/div>\n\t\t\t\t\t<\/div>\n\t\t\t\t<\/div>\n\t\t<div class=\"elementor-element elementor-element-5f0103f e-flex e-con-boxed e-con e-parent\" data-id=\"5f0103f\" data-element_type=\"container\" data-e-type=\"container\" data-settings=\"{&quot;ekit_has_onepagescroll_dot&quot;:&quot;yes&quot;}\">\n\t\t\t\t\t<div class=\"e-con-inner\">\n\t\t\t\t<div class=\"elementor-element elementor-element-0a741f5 elementor-widget elementor-widget-video\" data-id=\"0a741f5\" data-element_type=\"widget\" data-e-type=\"widget\" data-settings=\"{&quot;youtube_url&quot;:&quot;https:\\\/\\\/youtu.be\\\/2HkzFJ3nsDE&quot;,&quot;video_type&quot;:&quot;youtube&quot;,&quot;controls&quot;:&quot;yes&quot;,&quot;ekit_we_effect_on&quot;:&quot;none&quot;}\" data-widget_type=\"video.default\">\n\t\t\t\t<div class=\"elementor-widget-container\">\n\t\t\t\t\t\t\t<div class=\"elementor-wrapper elementor-open-inline\">\n\t\t\t<div class=\"elementor-video\"><\/div>\t\t<\/div>\n\t\t\t\t\t\t<\/div>\n\t\t\t\t<\/div>\n\t\t\t\t<div class=\"elementor-element elementor-element-6522298 elementor-widget elementor-widget-spacer\" data-id=\"6522298\" data-element_type=\"widget\" data-e-type=\"widget\" data-settings=\"{&quot;ekit_we_effect_on&quot;:&quot;none&quot;}\" data-widget_type=\"spacer.default\">\n\t\t\t\t<div class=\"elementor-widget-container\">\n\t\t\t\t\t\t\t<div class=\"elementor-spacer\">\n\t\t\t<div class=\"elementor-spacer-inner\"><\/div>\n\t\t<\/div>\n\t\t\t\t\t\t<\/div>\n\t\t\t\t<\/div>\n\t\t\t\t\t<\/div>\n\t\t\t\t<\/div>\n\t\t<div class=\"elementor-element elementor-element-6826b59 e-flex e-con-boxed e-con e-parent\" data-id=\"6826b59\" data-element_type=\"container\" data-e-type=\"container\" data-settings=\"{&quot;ekit_has_onepagescroll_dot&quot;:&quot;yes&quot;}\">\n\t\t\t\t\t<div class=\"e-con-inner\">\n\t\t<div class=\"elementor-element elementor-element-54fa2dd e-con-full e-flex e-con e-child\" data-id=\"54fa2dd\" data-element_type=\"container\" data-e-type=\"container\" data-settings=\"{&quot;ekit_has_onepagescroll_dot&quot;:&quot;yes&quot;}\">\n\t\t\t\t<div class=\"elementor-element elementor-element-5498173 elementor-widget elementor-widget-text-editor\" data-id=\"5498173\" data-element_type=\"widget\" data-e-type=\"widget\" data-settings=\"{&quot;ekit_we_effect_on&quot;:&quot;none&quot;}\" data-widget_type=\"text-editor.default\">\n\t\t\t\t<div class=\"elementor-widget-container\">\n\t\t\t\t\t\t\t\t\t<p> <\/p><h3 style=\"text-align: center;\"><b>Las personas y la experiencia en el centro<\/b><\/h3><p>Hoy en d\u00eda, la producci\u00f3n est\u00e1 confiada a un equipo altamente cualificado de seis profesionales con m\u00e1s de 40 a\u00f1os de experiencia en la sastrer\u00eda industrial, entre ellos dos patronistas t\u00e9cnicos especializados en dise\u00f1o a medida y confecci\u00f3n.<\/p><p>La nueva sede representa no s\u00f3lo una mejora de nuestras capacidades operativas, sino tambi\u00e9n un compromiso concreto con la innovaci\u00f3n, la sostenibilidad y la calidad a medida, valores que siempre han guiado a Klimagiel en su camino de crecimiento.<\/p>\t\t\t\t\t\t\t\t<\/div>\n\t\t\t\t<\/div>\n\t\t\t\t<\/div>\n\t\t<div class=\"elementor-element elementor-element-b68f01c e-con-full e-flex e-con e-child\" data-id=\"b68f01c\" data-element_type=\"container\" data-e-type=\"container\" data-settings=\"{&quot;ekit_has_onepagescroll_dot&quot;:&quot;yes&quot;}\">\n\t\t\t\t<div class=\"elementor-element elementor-element-27f9732 elementor-widget elementor-widget-image\" data-id=\"27f9732\" data-element_type=\"widget\" data-e-type=\"widget\" data-settings=\"{&quot;ekit_we_effect_on&quot;:&quot;none&quot;}\" data-widget_type=\"image.default\">\n\t\t\t\t<div class=\"elementor-widget-container\">\n\t\t\t\t\t\t\t\t\t\t\t\t\t\t\t<img decoding=\"async\" width=\"577\" height=\"619\" src=\"https:\/\/www.klimagiel.it\/wp-content\/uploads\/2025\/07\/produzione-1.jpg\" class=\"attachment-large size-large wp-image-46295\" alt=\"\" srcset=\"https:\/\/www.klimagiel.it\/wp-content\/uploads\/2025\/07\/produzione-1.jpg 577w, https:\/\/www.klimagiel.it\/wp-content\/uploads\/2025\/07\/produzione-1-280x300.jpg 280w\" sizes=\"(max-width: 577px) 100vw, 577px\" \/>\t\t\t\t\t\t\t\t\t\t\t\t\t\t\t<\/div>\n\t\t\t\t<\/div>\n\t\t\t\t<\/div>\n\t\t\t\t\t<\/div>\n\t\t\t\t<\/div>\n\t\t<div class=\"elementor-element elementor-element-474daba e-flex e-con-boxed e-con e-parent\" data-id=\"474daba\" data-element_type=\"container\" data-e-type=\"container\" data-settings=\"{&quot;ekit_has_onepagescroll_dot&quot;:&quot;yes&quot;}\">\n\t\t\t\t\t<div class=\"e-con-inner\">\n\t\t\t\t\t<\/div>\n\t\t\t\t<\/div>\n\t\t<div class=\"elementor-element elementor-element-32553239 e-con-full e-flex e-con e-child\" data-id=\"32553239\" data-element_type=\"container\" data-e-type=\"container\" data-settings=\"{&quot;background_background&quot;:&quot;classic&quot;,&quot;shape_divider_top&quot;:&quot;mountains&quot;,&quot;shape_divider_bottom&quot;:&quot;mountains&quot;,&quot;ekit_has_onepagescroll_dot&quot;:&quot;yes&quot;}\">\n\t\t\t\t<div class=\"elementor-shape elementor-shape-top\" aria-hidden=\"true\" data-negative=\"false\">\n\t\t\t<svg xmlns=\"http:\/\/www.w3.org\/2000\/svg\" viewBox=\"0 0 1000 100\" preserveAspectRatio=\"none\">\n\t<path class=\"elementor-shape-fill\" opacity=\"0.33\" d=\"M473,67.3c-203.9,88.3-263.1-34-320.3,0C66,119.1,0,59.7,0,59.7V0h1000v59.7 c0,0-62.1,26.1-94.9,29.3c-32.8,3.3-62.8-12.3-75.8-22.1C806,49.6,745.3,8.7,694.9,4.7S492.4,59,473,67.3z\"\/>\n\t<path class=\"elementor-shape-fill\" opacity=\"0.66\" d=\"M734,67.3c-45.5,0-77.2-23.2-129.1-39.1c-28.6-8.7-150.3-10.1-254,39.1 s-91.7-34.4-149.2,0C115.7,118.3,0,39.8,0,39.8V0h1000v36.5c0,0-28.2-18.5-92.1-18.5C810.2,18.1,775.7,67.3,734,67.3z\"\/>\n\t<path class=\"elementor-shape-fill\" d=\"M766.1,28.9c-200-57.5-266,65.5-395.1,19.5C242,1.8,242,5.4,184.8,20.6C128,35.8,132.3,44.9,89.9,52.5C28.6,63.7,0,0,0,0 h1000c0,0-9.9,40.9-83.6,48.1S829.6,47,766.1,28.9z\"\/>\n<\/svg>\t\t<\/div>\n\t\t\t\t<div class=\"elementor-shape elementor-shape-bottom\" aria-hidden=\"true\" data-negative=\"false\">\n\t\t\t<svg xmlns=\"http:\/\/www.w3.org\/2000\/svg\" viewBox=\"0 0 1000 100\" preserveAspectRatio=\"none\">\n\t<path class=\"elementor-shape-fill\" opacity=\"0.33\" d=\"M473,67.3c-203.9,88.3-263.1-34-320.3,0C66,119.1,0,59.7,0,59.7V0h1000v59.7 c0,0-62.1,26.1-94.9,29.3c-32.8,3.3-62.8-12.3-75.8-22.1C806,49.6,745.3,8.7,694.9,4.7S492.4,59,473,67.3z\"\/>\n\t<path class=\"elementor-shape-fill\" opacity=\"0.66\" d=\"M734,67.3c-45.5,0-77.2-23.2-129.1-39.1c-28.6-8.7-150.3-10.1-254,39.1 s-91.7-34.4-149.2,0C115.7,118.3,0,39.8,0,39.8V0h1000v36.5c0,0-28.2-18.5-92.1-18.5C810.2,18.1,775.7,67.3,734,67.3z\"\/>\n\t<path class=\"elementor-shape-fill\" d=\"M766.1,28.9c-200-57.5-266,65.5-395.1,19.5C242,1.8,242,5.4,184.8,20.6C128,35.8,132.3,44.9,89.9,52.5C28.6,63.7,0,0,0,0 h1000c0,0-9.9,40.9-83.6,48.1S829.6,47,766.1,28.9z\"\/>\n<\/svg>\t\t<\/div>\n\t\t<div class=\"elementor-element elementor-element-11df33d0 e-flex e-con-boxed e-con e-child\" data-id=\"11df33d0\" data-element_type=\"container\" data-e-type=\"container\" data-settings=\"{&quot;background_background&quot;:&quot;gradient&quot;,&quot;ekit_has_onepagescroll_dot&quot;:&quot;yes&quot;}\">\n\t\t\t\t\t<div class=\"e-con-inner\">\n\t\t\t\t<div class=\"elementor-element elementor-element-6026ae8a elementor-widget-tablet__width-inherit elementor-widget elementor-widget-the7-heading\" data-id=\"6026ae8a\" data-element_type=\"widget\" data-e-type=\"widget\" data-settings=\"{&quot;ekit_we_effect_on&quot;:&quot;none&quot;}\" data-widget_type=\"the7-heading.default\">\n\t\t\t\t<div class=\"elementor-widget-container\">\n\t\t\t\t\t<div class=\"the7-heading-title elementor-size-default\">La comodidad comienza aqu\u00ed<\/div>\t\t\t\t<\/div>\n\t\t\t\t<\/div>\n\t\t\t\t<div class=\"elementor-element elementor-element-1eab5397 elementor-widget-tablet__width-inherit elementor-widget elementor-widget-the7-heading\" data-id=\"1eab5397\" data-element_type=\"widget\" data-e-type=\"widget\" data-settings=\"{&quot;ekit_we_effect_on&quot;:&quot;none&quot;}\" data-widget_type=\"the7-heading.default\">\n\t\t\t\t<div class=\"elementor-widget-container\">\n\t\t\t\t\t<div class=\"the7-heading-title elementor-size-default\">Expertos en difusi\u00f3n de aire a su servicio.<br> Descubra las soluciones Klimagiel para su entorno ideal<\/div>\t\t\t\t<\/div>\n\t\t\t\t<\/div>\n\t\t<div class=\"elementor-element elementor-element-1dd7127e e-flex e-con-boxed e-con e-child\" data-id=\"1dd7127e\" data-element_type=\"container\" data-e-type=\"container\" data-settings=\"{&quot;ekit_has_onepagescroll_dot&quot;:&quot;yes&quot;}\">\n\t\t\t\t\t<div class=\"e-con-inner\">\n\t\t\t\t<div class=\"elementor-element elementor-element-2e3dd064 elementor-align-justify elementor-widget__width-inherit elementor-widget elementor-widget-the7_button_widget\" data-id=\"2e3dd064\" data-element_type=\"widget\" data-e-type=\"widget\" data-settings=\"{&quot;ekit_we_effect_on&quot;:&quot;none&quot;}\" data-widget_type=\"the7_button_widget.default\">\n\t\t\t\t<div class=\"elementor-widget-container\">\n\t\t\t\t\t<div class=\"elementor-button-wrapper\"><a href=\"https:\/\/www.klimagiel.it\/contact\/\" class=\"box-button elementor-button elementor-size-xl\">Solicitar consulta<\/a><\/div>\t\t\t\t<\/div>\n\t\t\t\t<\/div>\n\t\t\t\t<div class=\"elementor-element elementor-element-55f82664 elementor-align-justify elementor-widget__width-inherit elementor-widget elementor-widget-the7_button_widget\" data-id=\"55f82664\" data-element_type=\"widget\" data-e-type=\"widget\" data-settings=\"{&quot;ekit_we_effect_on&quot;:&quot;none&quot;}\" data-widget_type=\"the7_button_widget.default\">\n\t\t\t\t<div class=\"elementor-widget-container\">\n\t\t\t\t\t<div class=\"elementor-button-wrapper\"><a href=\"https:\/\/www.klimagiel.it\/contact\/\" class=\"box-button elementor-button elementor-size-xl\">Preventivo Gratuito<\/a><\/div>\t\t\t\t<\/div>\n\t\t\t\t<\/div>\n\t\t\t\t\t<\/div>\n\t\t\t\t<\/div>\n\t\t\t\t\t<\/div>\n\t\t\t\t<\/div>\n\t\t\t\t<\/div>\n\t\t\t\t<\/div>\n\t\t","protected":false},"excerpt":{"rendered":"<p>Para responder con mayor eficiencia y calidad a las demandas del mercado, Klimagiel inaugur\u00f3 el 1 de enero de 2025 una nueva planta de producci\u00f3n dedicada \u00edntegramente a la fabricaci\u00f3n de canales textiles microperforados. Situada en Castel d&#8217;Azzano (Verona), la nueva planta representa una inversi\u00f3n estrat\u00e9gica para consolidar nuestro liderazgo en el sector de la&hellip;<\/p>\n","protected":false},"author":5,"featured_media":0,"parent":0,"menu_order":0,"comment_status":"closed","ping_status":"closed","template":"","meta":{"footnotes":""},"wf_page_folders":[226],"class_list":["post-48329","page","type-page","status-publish","hentry"],"_links":{"self":[{"href":"https:\/\/www.klimagiel.it\/es\/wp-json\/wp\/v2\/pages\/48329","targetHints":{"allow":["GET"]}}],"collection":[{"href":"https:\/\/www.klimagiel.it\/es\/wp-json\/wp\/v2\/pages"}],"about":[{"href":"https:\/\/www.klimagiel.it\/es\/wp-json\/wp\/v2\/types\/page"}],"author":[{"embeddable":true,"href":"https:\/\/www.klimagiel.it\/es\/wp-json\/wp\/v2\/users\/5"}],"replies":[{"embeddable":true,"href":"https:\/\/www.klimagiel.it\/es\/wp-json\/wp\/v2\/comments?post=48329"}],"version-history":[{"count":5,"href":"https:\/\/www.klimagiel.it\/es\/wp-json\/wp\/v2\/pages\/48329\/revisions"}],"predecessor-version":[{"id":50165,"href":"https:\/\/www.klimagiel.it\/es\/wp-json\/wp\/v2\/pages\/48329\/revisions\/50165"}],"wp:attachment":[{"href":"https:\/\/www.klimagiel.it\/es\/wp-json\/wp\/v2\/media?parent=48329"}],"wp:term":[{"taxonomy":"wf_page_folders","embeddable":true,"href":"https:\/\/www.klimagiel.it\/es\/wp-json\/wp\/v2\/wf_page_folders?post=48329"}],"curies":[{"name":"wp","href":"https:\/\/api.w.org\/{rel}","templated":true}]}}